{"id":7681,"date":"2022-01-08T21:56:53","date_gmt":"2022-01-09T02:56:53","guid":{"rendered":"https:\/\/voboc.org\/fr-virtual-card-message-project\/"},"modified":"2022-01-14T22:38:59","modified_gmt":"2022-01-15T03:38:59","slug":"virtual-card-message-project","status":"publish","type":"page","link":"https:\/\/voboc.org\/fr\/virtual-card-message-project\/","title":{"rendered":"Virtual Card Message Project"},"content":{"rendered":"<p><div class=\"fusion-fullwidth fullwidth-box fusion-builder-row-1 fusion-flex-container nonhundred-percent-fullwidth non-hundred-percent-height-scrolling\" style=\"background-color: rgba(255,255,255,0);background-position: center center;background-repeat: no-repeat;border-width: 0px 0px 0px 0px;border-color:#e7e4e2;border-style:solid;\" ><div class=\"fusion-builder-row fusion-row fusion-flex-align-items-flex-start\" style=\"max-width:104%;margin-left: calc(-4% \/ 2 );margin-right: calc(-4% \/ 2 );\"><div class=\"fusion-layout-column fusion_builder_column fusion-builder-column-0 fusion_builder_column_1_2 1_2 fusion-flex-column fusion-flex-align-self-center\"><div class=\"fusion-column-wrapper fusion-flex-justify-content-center fusion-content-layout-column\" style=\"background-position:left top;background-repeat:no-repeat;-webkit-background-size:cover;-moz-background-size:cover;-o-background-size:cover;background-size:cover;padding: 0px 0px 0px 50px;\"><style type=\"text\/css\">@media only screen and (max-width:1024px) {.fusion-title.fusion-title-1{margin-top:0px!important; margin-right:0px!important;margin-bottom:30px!important;margin-left:0px!important;}}@media only screen and (max-width:640px) {.fusion-title.fusion-title-1{margin-top:0px!important; margin-right:0px!important;margin-bottom:20px!important; margin-left:0px!important;}}<\/style><div class=\"fusion-title title fusion-title-1 fusion-sep-none fusion-title-text fusion-title-size-one\" style=\"font-size:45px;margin-top:0px;margin-right:0px;margin-bottom:30px;margin-left:0px;\"><h1 class=\"title-heading-left fusion-responsive-typography-calculated\" style=\"margin:0;font-size:1em;letter-spacing:-1px;--fontSize:45;line-height:1.22;\"><div style=\"text-align: center;\">Envoyez une carte virtuelle \u00e0 une jeune personne atteinte de cancer<\/div><\/h1><\/div><div class=\"fusion-text fusion-text-1\"><p style=\"text-align: center;\"><b>\u00c9crivez une note r\u00e9confortante \u00e0 un.e adolescent.e ou \u00e0 un.e jeune adulte atteint.e de cancer et contribuez \u00e0 briser son sentiment d\u2019isolement.<\/span><\/b><\/p>\n<\/div><div style=\"text-align:center;\"><style type=\"text\/css\">.fusion-button.button-1 {border-radius:4px;}.fusion-button.button-1.button-3d{-webkit-box-shadow: inset 0px 1px 0px #fff,0px 4px 0px #f09a3e,1px 6px 6px 3px rgba(0,0,0,0.3);-moz-box-shadow: inset 0px 1px 0px #fff,0px 4px 0px #f09a3e,1px 6px 6px 3px rgba(0,0,0,0.3);box-shadow: inset 0px 1px 0px #fff,0px 4px 0px #f09a3e,1px 6px 6px 3px rgba(0,0,0,0.3);}.button-1.button-3d:active{-webkit-box-shadow: inset 0px 1px 0px #fff,0px 4px 0px #f09a3e,1px 6px 6px 3px rgba(0,0,0,0.3);-moz-box-shadow: inset 0px 1px 0px #fff,0px 4px 0px #f09a3e,1px 6px 6px 3px rgba(0,0,0,0.3);box-shadow: inset 0px 1px 0px #fff,0px 4px 0px #f09a3e,1px 6px 6px 3px rgba(0,0,0,0.3);}<\/style><a class=\"fusion-button button-3d fusion-button-default-size button-default button-1 fusion-button-span-no \" target=\"_self\" href=\"https:\/\/voboc.org\/fr\/virtual-card-selection\/\"><span class=\"fusion-button-text\">\u00c9crivez un message<\/span><\/a><\/div><\/div><style type=\"text\/css\">.fusion-body .fusion-builder-column-0{width:50% !important;margin-top : 10px;margin-bottom : 10px;}.fusion-builder-column-0 > .fusion-column-wrapper {padding-top : 0px !important;padding-right : 0 !important;margin-right : 3.84%;padding-bottom : 0px !important;padding-left : 50 !important;margin-left : 0%;}@media only screen and (max-width:1024px) {.fusion-body .fusion-builder-column-0{width:100% !important;order : 0;}.fusion-builder-column-0 > .fusion-column-wrapper {padding-right : 10% !important;margin-right : 1.92%;padding-left : 10% !important;margin-left : 1.92%;}}@media only screen and (max-width:640px) {.fusion-body .fusion-builder-column-0{width:100% !important;order : 0;margin-bottom : 50px;}.fusion-builder-column-0 > .fusion-column-wrapper {margin-right : 1.92%;margin-left : 1.92%;}}<\/style><\/div><div class=\"fusion-layout-column fusion_builder_column fusion-builder-column-1 fusion_builder_column_1_2 1_2 fusion-flex-column\"><div class=\"fusion-column-wrapper fusion-flex-justify-content-flex-start fusion-content-layout-column\" style=\"background-position:left top;background-repeat:no-repeat;-webkit-background-size:cover;-moz-background-size:cover;-o-background-size:cover;background-size:cover;padding: 0px 0px 0px 0px;\"><div ><span class=\" fusion-imageframe imageframe-none imageframe-1 hover-type-none\"><img decoding=\"async\" width=\"2560\" height=\"1707\" title=\"pexels-andrea-piacquadio-3769021\" src=\"data:image\/svg+xml,%3Csvg%20xmlns%3D%27http%3A%2F%2Fwww.w3.org%2F2000%2Fsvg%27%20width%3D%272560%27%20height%3D%271707%27%20viewBox%3D%270%200%202560%201707%27%3E%3Crect%20width%3D%272560%27%20height%3D%271707%27%20fill-opacity%3D%220%22%2F%3E%3C%2Fsvg%3E\" data-orig-src=\"https:\/\/voboc.org\/wp-content\/uploads\/2022\/01\/pexels-andrea-piacquadio-3769021.jpg\" class=\"lazyload img-responsive wp-image-7665\"\/><\/span><\/div><\/div><style type=\"text\/css\">.fusion-body .fusion-builder-column-1{width:50% !important;margin-top : 10px;margin-bottom : 10px;}.fusion-builder-column-1 > .fusion-column-wrapper {padding-top : 0px !important;padding-right : 0px !important;margin-right : 3.84%;padding-bottom : 0px !important;padding-left : 0px !important;margin-left : 3.84%;}@media only screen and (max-width:1024px) {.fusion-body .fusion-builder-column-1{width:100% !important;order : 0;}.fusion-builder-column-1 > .fusion-column-wrapper {margin-right : 1.92%;margin-left : 1.92%;}}@media only screen and (max-width:640px) {.fusion-body .fusion-builder-column-1{width:100% !important;order : 0;}.fusion-builder-column-1 > .fusion-column-wrapper {margin-right : 1.92%;margin-left : 1.92%;}}<\/style><\/div><\/div><style type=\"text\/css\">.fusion-body .fusion-flex-container.fusion-builder-row-1{ padding-top : 0px;margin-top : 0px;padding-right : 30px;padding-bottom : 75px;margin-bottom : 0px;padding-left : 30px;}<\/style><\/div><div class=\"fusion-fullwidth fullwidth-box fusion-builder-row-2 fusion-flex-container nonhundred-percent-fullwidth non-hundred-percent-height-scrolling\" style=\"background-color: rgba(255,255,255,0);background-position: center center;background-repeat: no-repeat;border-width: 0px 0px 0px 0px;border-color:#e7e4e2;border-style:solid;\" ><div class=\"fusion-builder-row fusion-row fusion-flex-align-items-flex-start\" style=\"max-width:104%;margin-left: calc(-4% \/ 2 );margin-right: calc(-4% \/ 2 );\"><div class=\"fusion-layout-column fusion_builder_column fusion-builder-column-2 fusion_builder_column_1_1 1_1 fusion-flex-column\"><div class=\"fusion-column-wrapper fusion-flex-justify-content-flex-start fusion-content-layout-column\" style=\"background-position:left top;background-repeat:no-repeat;-webkit-background-size:cover;-moz-background-size:cover;-o-background-size:cover;background-size:cover;padding: 0px 0px 0px 0px;\"><div class=\"fusion-separator fusion-full-width-sep\" style=\"align-self: center;margin-left: auto;margin-right: auto;margin-top:3px;margin-bottom:3px;width:100%;max-width:100%;\"><div class=\"fusion-separator-border sep-single sep-solid\" style=\"border-color:#ff9800;border-top-width:6px;\"><\/div><\/div><\/div><style type=\"text\/css\">.fusion-body .fusion-builder-column-2{width:100% !important;margin-top : 10px;margin-bottom : 10px;}.fusion-builder-column-2 > .fusion-column-wrapper {padding-top : 0px !important;padding-right : 0px !important;margin-right : 1.92%;padding-bottom : 0px !important;padding-left : 0px !important;margin-left : 1.92%;}@media only screen and (max-width:1024px) {.fusion-body .fusion-builder-column-2{width:100% !important;order : 0;}.fusion-builder-column-2 > .fusion-column-wrapper {margin-right : 1.92%;margin-left : 1.92%;}}@media only screen and (max-width:640px) {.fusion-body .fusion-builder-column-2{width:100% !important;order : 0;}.fusion-builder-column-2 > .fusion-column-wrapper {margin-right : 1.92%;margin-left : 1.92%;}}<\/style><\/div><\/div><style type=\"text\/css\">.fusion-body .fusion-flex-container.fusion-builder-row-2{ padding-top : 0px;margin-top : 0px;padding-right : 30px;padding-bottom : 0px;margin-bottom : 0px;padding-left : 30px;}<\/style><\/div><\/p>\n","protected":false},"excerpt":{"rendered":"","protected":false},"author":4,"featured_media":0,"parent":0,"menu_order":0,"comment_status":"closed","ping_status":"closed","template":"","meta":{"footnotes":""},"class_list":["post-7681","page","type-page","status-publish","hentry"],"yoast_head":"<!-- This site is optimized with the Yoast SEO plugin v26.8 - https:\/\/yoast.com\/product\/yoast-seo-wordpress\/ -->\n<title>Virtual Card Message Project - VOBOC FOUNDATION<\/title>\n<meta name=\"robots\" content=\"index, follow, max-snippet:-1, max-image-preview:large, max-video-preview:-1\" \/>\n<link rel=\"canonical\" href=\"https:\/\/voboc.org\/fr\/virtual-card-message-project\/\" \/>\n<meta property=\"og:locale\" content=\"fr_FR\" \/>\n<meta property=\"og:type\" content=\"article\" \/>\n<meta property=\"og:title\" content=\"Virtual Card Message Project - VOBOC FOUNDATION\" \/>\n<meta property=\"og:url\" content=\"https:\/\/voboc.org\/fr\/virtual-card-message-project\/\" \/>\n<meta property=\"og:site_name\" content=\"VOBOC FOUNDATION\" \/>\n<meta property=\"article:modified_time\" content=\"2022-01-15T03:38:59+00:00\" \/>\n<meta name=\"twitter:card\" content=\"summary_large_image\" \/>\n<meta name=\"twitter:label1\" content=\"Est. reading time\" \/>\n\t<meta name=\"twitter:data1\" content=\"7 minutes\" \/>\n<script type=\"application\/ld+json\" class=\"yoast-schema-graph\">{\"@context\":\"https:\/\/schema.org\",\"@graph\":[{\"@type\":\"WebPage\",\"@id\":\"https:\/\/voboc.org\/fr\/virtual-card-message-project\/\",\"url\":\"https:\/\/voboc.org\/fr\/virtual-card-message-project\/\",\"name\":\"Virtual Card Message Project - VOBOC FOUNDATION\",\"isPartOf\":{\"@id\":\"https:\/\/voboc.org\/#website\"},\"datePublished\":\"2022-01-09T02:56:53+00:00\",\"dateModified\":\"2022-01-15T03:38:59+00:00\",\"breadcrumb\":{\"@id\":\"https:\/\/voboc.org\/fr\/virtual-card-message-project\/#breadcrumb\"},\"inLanguage\":\"fr-FR\",\"potentialAction\":[{\"@type\":\"ReadAction\",\"target\":[\"https:\/\/voboc.org\/fr\/virtual-card-message-project\/\"]}]},{\"@type\":\"BreadcrumbList\",\"@id\":\"https:\/\/voboc.org\/fr\/virtual-card-message-project\/#breadcrumb\",\"itemListElement\":[{\"@type\":\"ListItem\",\"position\":1,\"name\":\"Home\",\"item\":\"https:\/\/voboc.org\/fr\/voboc-foundation\/\"},{\"@type\":\"ListItem\",\"position\":2,\"name\":\"Virtual Card Message Project\"}]},{\"@type\":\"WebSite\",\"@id\":\"https:\/\/voboc.org\/#website\",\"url\":\"https:\/\/voboc.org\/\",\"name\":\"VOBOC FOUNDATION\",\"description\":\"Supporting adolescents &amp; young adults with their battle against cancer.\",\"potentialAction\":[{\"@type\":\"SearchAction\",\"target\":{\"@type\":\"EntryPoint\",\"urlTemplate\":\"https:\/\/voboc.org\/?s={search_term_string}\"},\"query-input\":{\"@type\":\"PropertyValueSpecification\",\"valueRequired\":true,\"valueName\":\"search_term_string\"}}],\"inLanguage\":\"fr-FR\"}]}<\/script>\n<!-- \/ Yoast SEO plugin. -->","yoast_head_json":{"title":"Virtual Card Message Project - VOBOC FOUNDATION","robots":{"index":"index","follow":"follow","max-snippet":"max-snippet:-1","max-image-preview":"max-image-preview:large","max-video-preview":"max-video-preview:-1"},"canonical":"https:\/\/voboc.org\/fr\/virtual-card-message-project\/","og_locale":"fr_FR","og_type":"article","og_title":"Virtual Card Message Project - VOBOC FOUNDATION","og_url":"https:\/\/voboc.org\/fr\/virtual-card-message-project\/","og_site_name":"VOBOC FOUNDATION","article_modified_time":"2022-01-15T03:38:59+00:00","twitter_card":"summary_large_image","twitter_misc":{"Est. reading time":"7 minutes"},"schema":{"@context":"https:\/\/schema.org","@graph":[{"@type":"WebPage","@id":"https:\/\/voboc.org\/fr\/virtual-card-message-project\/","url":"https:\/\/voboc.org\/fr\/virtual-card-message-project\/","name":"Virtual Card Message Project - VOBOC FOUNDATION","isPartOf":{"@id":"https:\/\/voboc.org\/#website"},"datePublished":"2022-01-09T02:56:53+00:00","dateModified":"2022-01-15T03:38:59+00:00","breadcrumb":{"@id":"https:\/\/voboc.org\/fr\/virtual-card-message-project\/#breadcrumb"},"inLanguage":"fr-FR","potentialAction":[{"@type":"ReadAction","target":["https:\/\/voboc.org\/fr\/virtual-card-message-project\/"]}]},{"@type":"BreadcrumbList","@id":"https:\/\/voboc.org\/fr\/virtual-card-message-project\/#breadcrumb","itemListElement":[{"@type":"ListItem","position":1,"name":"Home","item":"https:\/\/voboc.org\/fr\/voboc-foundation\/"},{"@type":"ListItem","position":2,"name":"Virtual Card Message Project"}]},{"@type":"WebSite","@id":"https:\/\/voboc.org\/#website","url":"https:\/\/voboc.org\/","name":"VOBOC FOUNDATION","description":"Supporting adolescents &amp; young adults with their battle against cancer.","potentialAction":[{"@type":"SearchAction","target":{"@type":"EntryPoint","urlTemplate":"https:\/\/voboc.org\/?s={search_term_string}"},"query-input":{"@type":"PropertyValueSpecification","valueRequired":true,"valueName":"search_term_string"}}],"inLanguage":"fr-FR"}]}},"_links":{"self":[{"href":"https:\/\/voboc.org\/fr\/wp-json\/wp\/v2\/pages\/7681","targetHints":{"allow":["GET"]}}],"collection":[{"href":"https:\/\/voboc.org\/fr\/wp-json\/wp\/v2\/pages"}],"about":[{"href":"https:\/\/voboc.org\/fr\/wp-json\/wp\/v2\/types\/page"}],"author":[{"embeddable":true,"href":"https:\/\/voboc.org\/fr\/wp-json\/wp\/v2\/users\/4"}],"replies":[{"embeddable":true,"href":"https:\/\/voboc.org\/fr\/wp-json\/wp\/v2\/comments?post=7681"}],"version-history":[{"count":0,"href":"https:\/\/voboc.org\/fr\/wp-json\/wp\/v2\/pages\/7681\/revisions"}],"wp:attachment":[{"href":"https:\/\/voboc.org\/fr\/wp-json\/wp\/v2\/media?parent=7681"}],"curies":[{"name":"wp","href":"https:\/\/api.w.org\/{rel}","templated":true}]}}