{"id":7504,"date":"2020-09-23T21:57:02","date_gmt":"2020-09-24T01:57:02","guid":{"rendered":"https:\/\/voboc.org\/programme-dambassadeurs-jeunesse-pour-les-jeunes\/"},"modified":"2020-10-25T14:20:44","modified_gmt":"2020-10-25T18:20:44","slug":"programme-dambassadeurs-jeunesse-pour-les-jeunes","status":"publish","type":"page","link":"https:\/\/voboc.org\/fr\/programme-dambassadeurs-jeunesse-pour-les-jeunes\/","title":{"rendered":"Programme d\u2019ambassadeurs jeunesse pour les jeunes"},"content":{"rendered":"<p><div class=\"fusion-fullwidth fullwidth-box fusion-builder-row-1 nonhundred-percent-fullwidth non-hundred-percent-height-scrolling\" style=\"background-color: rgba(255,255,255,0);background-position: center center;background-repeat: no-repeat;padding-top:0px;padding-right:50px;padding-bottom:0px;padding-left:50px;margin-bottom: 0px;margin-top: 0px;border-width: 0px 0px 0px 0px;border-color:#e7e4e2;border-style:solid;\" ><div class=\"fusion-builder-row fusion-row\"><div class=\"fusion-layout-column fusion_builder_column fusion-builder-column-0 fusion_builder_column_1_1 1_1 fusion-one-full fusion-column-first fusion-column-last\" style=\"margin-top:0px;margin-bottom:0px;\"><div class=\"fusion-column-wrapper fusion-flex-column-wrapper-legacy\" style=\"background-position:left top;background-repeat:no-repeat;-webkit-background-size:cover;-moz-background-size:cover;-o-background-size:cover;background-size:cover;padding: 0px 0px 0px 0px;\"><style type=\"text\/css\"><\/style><div class=\"fusion-title title fusion-title-1 fusion-sep-none fusion-title-center fusion-title-text fusion-title-size-one\" style=\"margin-top:0px;margin-right:0px;margin-bottom:30px;margin-left:0px;\"><h1 class=\"title-heading-center fusion-responsive-typography-calculated\" style=\"margin:0;--fontSize:55;line-height:1.15;\"><h1 style=\"text-align: center;\"> Programme d\u2019ambassadeurs jeunesse pour les jeunes <\/h1><\/h1><\/div><div class=\"fusion-sep-clear\"><\/div><div class=\"fusion-separator\" style=\"margin-left: auto;margin-right: auto;margin-top:16px;margin-bottom:36px;width:100%;max-width:24%;\"><\/div><div class=\"fusion-sep-clear\"><\/div><div class=\"fusion-text fusion-text-1\"><p class=\"p1\"><span class=\"s1\">Le programme d\u2019ambassadeurs jeunesse pour les jeunes de VOBOC a pour objectif de g\u00e9n\u00e9rer des changements positifs en sensibilisant aux besoins et aux d\u00e9fis des adolescents et jeunes adultes atteints d\u2019un cancer.<\/span><\/p>\n<p class=\"p1\"><span class=\"s1\">Les pairs ambassadeurs apportent leur passion et leur \u00e9nergie au service des adolescents et de jeunes adultes atteints d\u2019un cancer. Nous esp\u00e9rons qu\u2019instruire le public, surtout les 15 \u00e0 29 ans, favorisera l\u2019\u00e9tablissement de diagnostics plus pr\u00e9coces afin de mener \u00e0 de meilleurs r\u00e9sultats pour la sant\u00e9.<\/span><\/p>\n<p><span style=\"font-weight: 400;\">.<\/span><\/p>\n<\/div><div class=\"fusion-clearfix\"><\/div><\/div><\/div><\/div><\/div><div class=\"fusion-fullwidth fullwidth-box fusion-builder-row-2 nonhundred-percent-fullwidth non-hundred-percent-height-scrolling\" style=\"background-color: rgba(255,255,255,0);background-position: center center;background-repeat: no-repeat;padding-top:0px;padding-right:50px;padding-bottom:0px;padding-left:50px;margin-bottom: 0px;margin-top: 0px;border-width: 0px 0px 0px 0px;border-color:#e7e4e2;border-style:solid;\" ><div class=\"fusion-builder-row fusion-row\"><div class=\"fusion-layout-column fusion_builder_column fusion-builder-column-1 fusion_builder_column_1_3 1_3 fusion-one-third fusion-column-first\" style=\"width:33.333333333333%;width:calc(33.333333333333% - ( ( 4% + 4% ) * 0.33333333333333 ) );margin-right: 4%;margin-top:10px;margin-bottom:10px;\"><div class=\"fusion-column-wrapper fusion-flex-column-wrapper-legacy\" style=\"background-position:left top;background-repeat:no-repeat;-webkit-background-size:cover;-moz-background-size:cover;-o-background-size:cover;background-size:cover;padding: 0px 0px 0px 0px;\"><span class=\" fusion-imageframe imageframe-none imageframe-1 hover-type-none\"><img decoding=\"async\" width=\"800\" height=\"500\" title=\"y2y-2\" src=\"https:\/\/voboc.org\/wp-content\/uploads\/2020\/08\/y2y-2.jpg\" data-orig-src=\"https:\/\/voboc.org\/wp-content\/uploads\/2020\/08\/y2y-2.jpg\" class=\"lazyload img-responsive wp-image-7291\" srcset=\"data:image\/svg+xml,%3Csvg%20xmlns%3D%27http%3A%2F%2Fwww.w3.org%2F2000%2Fsvg%27%20width%3D%27800%27%20height%3D%27500%27%20viewBox%3D%270%200%20800%20500%27%3E%3Crect%20width%3D%27800%27%20height%3D%27500%27%20fill-opacity%3D%220%22%2F%3E%3C%2Fsvg%3E\" data-srcset=\"https:\/\/voboc.org\/wp-content\/uploads\/2020\/08\/y2y-2-200x125.jpg 200w, https:\/\/voboc.org\/wp-content\/uploads\/2020\/08\/y2y-2-400x250.jpg 400w, https:\/\/voboc.org\/wp-content\/uploads\/2020\/08\/y2y-2-600x375.jpg 600w, https:\/\/voboc.org\/wp-content\/uploads\/2020\/08\/y2y-2.jpg 800w\" data-sizes=\"auto\" data-orig-sizes=\"(max-width: 1000px) 100vw, 600px\" \/><\/span><div class=\"fusion-clearfix\"><\/div><\/div><\/div><div class=\"fusion-layout-column fusion_builder_column fusion-builder-column-2 fusion_builder_column_1_3 1_3 fusion-one-third\" style=\"width:33.333333333333%;width:calc(33.333333333333% - ( ( 4% + 4% ) * 0.33333333333333 ) );margin-right: 4%;margin-top:10px;margin-bottom:10px;\"><div class=\"fusion-column-wrapper fusion-flex-column-wrapper-legacy\" style=\"background-position:left top;background-repeat:no-repeat;-webkit-background-size:cover;-moz-background-size:cover;-o-background-size:cover;background-size:cover;padding: 0px 0px 0px 0px;\"><span class=\" fusion-imageframe imageframe-none imageframe-2 hover-type-none\"><img decoding=\"async\" width=\"800\" height=\"500\" title=\"2\" src=\"https:\/\/voboc.org\/wp-content\/uploads\/2020\/01\/2-2.png\" data-orig-src=\"https:\/\/voboc.org\/wp-content\/uploads\/2020\/01\/2-2-800x500.png\" class=\"lazyload img-responsive wp-image-6969\" srcset=\"data:image\/svg+xml,%3Csvg%20xmlns%3D%27http%3A%2F%2Fwww.w3.org%2F2000%2Fsvg%27%20width%3D%27800%27%20height%3D%27500%27%20viewBox%3D%270%200%20800%20500%27%3E%3Crect%20width%3D%27800%27%20height%3D%27500%27%20fill-opacity%3D%220%22%2F%3E%3C%2Fsvg%3E\" data-srcset=\"https:\/\/voboc.org\/wp-content\/uploads\/2020\/01\/2-2-200x125.png 200w, https:\/\/voboc.org\/wp-content\/uploads\/2020\/01\/2-2-400x250.png 400w, https:\/\/voboc.org\/wp-content\/uploads\/2020\/01\/2-2-600x375.png 600w, https:\/\/voboc.org\/wp-content\/uploads\/2020\/01\/2-2.png 800w\" data-sizes=\"auto\" data-orig-sizes=\"(max-width: 1000px) 100vw, 600px\" \/><\/span><div class=\"fusion-clearfix\"><\/div><\/div><\/div><div class=\"fusion-layout-column fusion_builder_column fusion-builder-column-3 fusion_builder_column_1_3 1_3 fusion-one-third fusion-column-last\" style=\"width:33.333333333333%;width:calc(33.333333333333% - ( ( 4% + 4% ) * 0.33333333333333 ) );margin-top:10px;margin-bottom:10px;\"><div class=\"fusion-column-wrapper fusion-flex-column-wrapper-legacy\" style=\"background-position:left top;background-repeat:no-repeat;-webkit-background-size:cover;-moz-background-size:cover;-o-background-size:cover;background-size:cover;padding: 0px 0px 0px 0px;\"><span class=\" fusion-imageframe imageframe-none imageframe-3 hover-type-none\"><img decoding=\"async\" width=\"800\" height=\"500\" title=\"y2y-1\" src=\"https:\/\/voboc.org\/wp-content\/uploads\/2020\/08\/y2y-1.jpg\" data-orig-src=\"https:\/\/voboc.org\/wp-content\/uploads\/2020\/08\/y2y-1.jpg\" class=\"lazyload img-responsive wp-image-7289\" srcset=\"data:image\/svg+xml,%3Csvg%20xmlns%3D%27http%3A%2F%2Fwww.w3.org%2F2000%2Fsvg%27%20width%3D%27800%27%20height%3D%27500%27%20viewBox%3D%270%200%20800%20500%27%3E%3Crect%20width%3D%27800%27%20height%3D%27500%27%20fill-opacity%3D%220%22%2F%3E%3C%2Fsvg%3E\" data-srcset=\"https:\/\/voboc.org\/wp-content\/uploads\/2020\/08\/y2y-1-200x125.jpg 200w, https:\/\/voboc.org\/wp-content\/uploads\/2020\/08\/y2y-1-400x250.jpg 400w, https:\/\/voboc.org\/wp-content\/uploads\/2020\/08\/y2y-1-600x375.jpg 600w, https:\/\/voboc.org\/wp-content\/uploads\/2020\/08\/y2y-1.jpg 800w\" data-sizes=\"auto\" data-orig-sizes=\"(max-width: 1000px) 100vw, 600px\" \/><\/span><div class=\"fusion-clearfix\"><\/div><\/div><\/div><\/div><\/div><div class=\"fusion-fullwidth fullwidth-box fusion-builder-row-3 nonhundred-percent-fullwidth non-hundred-percent-height-scrolling fusion-equal-height-columns\" style=\"background-color: rgba(255,255,255,0);background-position: center bottom;background-repeat: no-repeat;padding-top:25px;padding-right:50px;padding-bottom:22px;padding-left:50px;margin-bottom: 0px;margin-top: 0px;border-width: 0px 0px 0px 0px;border-color:#e7e4e2;border-style:solid;\" ><div class=\"fusion-builder-row fusion-row\"><div class=\"fusion-layout-column fusion_builder_column fusion-builder-column-4 fusion_builder_column_2_3 2_3 fusion-two-third fusion-column-first\" style=\"width:66.666666666667%;width:calc(66.666666666667% - ( ( 4% ) * 0.66666666666667 ) );margin-right: 4%;margin-top:10px;margin-bottom:10px;\"><div class=\"fusion-column-wrapper fusion-flex-column-wrapper-legacy\" style=\"background-position:left top;background-repeat:no-repeat;-webkit-background-size:cover;-moz-background-size:cover;-o-background-size:cover;background-size:cover;padding: 0px 0px 0px 0px;\"><div class=\"fusion-column-content-centered\"><div class=\"fusion-column-content\"><style type=\"text\/css\"><\/style><div class=\"fusion-title title fusion-title-2 fusion-sep-none fusion-title-text fusion-title-size-two\" style=\"margin-top:0px;margin-right:0px;margin-bottom:30px;margin-left:0px;\"><h2 class=\"title-heading-right fusion-responsive-typography-calculated\" style=\"margin:0;--fontSize:34;line-height:1.47;\"><h2 style=\"text-align: left;\"> Processus de demande <\/h2><\/h2><\/div><div class=\"fusion-text fusion-text-2\"><p style=\"text-align: left;\" data-fusion-font=\"true\"> VOBOC vous invite \u00e0 remplir le formulaire de demande. <\/p>\n<p style=\"text-align: left;\" data-fusion-font=\"true\"> Les candidats doivent \u00eatre \u00e2g\u00e9s de 15 \u00e0 29 ans. <\/p>\n<\/div><div class=\"fusion-alignleft\"><style type=\"text\/css\">.fusion-button.button-1 {border-radius:0px;}<\/style><a class=\"fusion-button button-flat button-xlarge button-default button-1 fusion-button-span-no fusion-button-default-type\" target=\"_self\" href=\"https:\/\/voboc.org\/fr\/formulaire-de-benevolat-voboc\/\"><span class=\"fusion-button-text\">FAITES UNE DEMANDE MAINTENANT<\/span><\/a><\/div><\/div><\/div><div class=\"fusion-clearfix\"><\/div><\/div><\/div><div class=\"fusion-layout-column fusion_builder_column fusion-builder-column-5 fusion_builder_column_1_3 1_3 fusion-one-third fusion-column-last\" style=\"width:33.333333333333%;width:calc(33.333333333333% - ( ( 4% ) * 0.33333333333333 ) );margin-top:10px;margin-bottom:10px;\"><div class=\"fusion-column-wrapper fusion-flex-column-wrapper-legacy\" style=\"background-position:left top;background-repeat:no-repeat;-webkit-background-size:cover;-moz-background-size:cover;-o-background-size:cover;background-size:cover;padding: 0px 0px 0px 0px;\"><div class=\"fusion-column-content-centered\"><div class=\"fusion-column-content\"><div class=\"fusion-sep-clear\"><\/div><div class=\"fusion-separator fusion-full-width-sep\" style=\"margin-left: auto;margin-right: auto;margin-top:10px;width:100%;\"><\/div><div class=\"fusion-sep-clear\"><\/div><div class=\"fusion-fa-align-center\"><i class=\"fb-icon-element-1 fb-icon-element fontawesome-icon fa-clipboard-list fas circle-yes fusion-no-small-visibility fusion-no-medium-visibility\" style=\"font-size:88px;line-height:174px;height:176px;width:176px;border-width:1px;margin-top:40px;margin-right:40px;margin-bottom:40px;margin-left:40px;\"><\/i><\/div><style>i.fb-icon-element.fontawesome-icon.fb-icon-element-1{ color: #ffffff; background-color: #333c4e; border-color: #333c4e;}i.fb-icon-element.fontawesome-icon.fb-icon-element-1:hover { color: #ffffff; background-color: #333c4e; border-color: #333c4e;}<\/style><\/div><\/div><div class=\"fusion-clearfix\"><\/div><\/div><\/div><\/div><\/div><div class=\"fusion-fullwidth fullwidth-box fusion-builder-row-4 nonhundred-percent-fullwidth non-hundred-percent-height-scrolling\" style=\"background-color: rgba(255,255,255,0);background-position: center center;background-repeat: no-repeat;padding-top:0px;padding-right:30px;padding-bottom:0px;padding-left:30px;margin-bottom: 0px;margin-top: 0px;border-width: 0px 0px 0px 0px;border-color:#e7e4e2;border-style:solid;\" ><div class=\"fusion-builder-row fusion-row\"><div class=\"fusion-layout-column fusion_builder_column fusion-builder-column-6 fusion_builder_column_1_1 1_1 fusion-one-full fusion-column-first fusion-column-last\" style=\"margin-top:10px;margin-bottom:10px;\"><div class=\"fusion-column-wrapper fusion-flex-column-wrapper-legacy\" style=\"background-position:left top;background-repeat:no-repeat;-webkit-background-size:cover;-moz-background-size:cover;-o-background-size:cover;background-size:cover;padding: 0px 0px 0px 0px;\"><div class=\"fusion-sep-clear\"><\/div><div class=\"fusion-separator fusion-full-width-sep\" style=\"margin-left: auto;margin-right: auto;margin-top:3px;margin-bottom:3px;width:100%;\"><div class=\"fusion-separator-border sep-single sep-solid\" style=\"border-color:#ff9800;border-top-width:6px;\"><\/div><\/div><div class=\"fusion-sep-clear\"><\/div><div class=\"fusion-clearfix\"><\/div><\/div><\/div><\/div><\/div><\/p>\n","protected":false},"excerpt":{"rendered":"","protected":false},"author":4,"featured_media":0,"parent":0,"menu_order":0,"comment_status":"closed","ping_status":"closed","template":"100-width.php","meta":{"footnotes":""},"class_list":["post-7504","page","type-page","status-publish","hentry"],"yoast_head":"<!-- This site is optimized with the Yoast SEO plugin v27.5 - https:\/\/yoast.com\/product\/yoast-seo-wordpress\/ -->\n<title>Programme d\u2019ambassadeurs jeunesse pour les jeunes - VOBOC FOUNDATION<\/title>\n<meta name=\"robots\" content=\"index, follow, max-snippet:-1, max-image-preview:large, max-video-preview:-1\" \/>\n<link rel=\"canonical\" href=\"https:\/\/voboc.org\/fr\/programme-dambassadeurs-jeunesse-pour-les-jeunes\/\" \/>\n<meta property=\"og:locale\" content=\"fr_FR\" \/>\n<meta property=\"og:type\" content=\"article\" \/>\n<meta property=\"og:title\" content=\"Programme d\u2019ambassadeurs jeunesse pour les jeunes - VOBOC FOUNDATION\" \/>\n<meta property=\"og:url\" content=\"https:\/\/voboc.org\/fr\/programme-dambassadeurs-jeunesse-pour-les-jeunes\/\" \/>\n<meta property=\"og:site_name\" content=\"VOBOC FOUNDATION\" \/>\n<meta property=\"article:modified_time\" content=\"2020-10-25T18:20:44+00:00\" \/>\n<meta name=\"twitter:card\" content=\"summary_large_image\" \/>\n<meta name=\"twitter:label1\" content=\"Est. reading time\" \/>\n\t<meta name=\"twitter:data1\" content=\"11 minutes\" \/>\n<script type=\"application\/ld+json\" class=\"yoast-schema-graph\">{\"@context\":\"https:\\\/\\\/schema.org\",\"@graph\":[{\"@type\":\"WebPage\",\"@id\":\"https:\\\/\\\/voboc.org\\\/fr\\\/programme-dambassadeurs-jeunesse-pour-les-jeunes\\\/\",\"url\":\"https:\\\/\\\/voboc.org\\\/fr\\\/programme-dambassadeurs-jeunesse-pour-les-jeunes\\\/\",\"name\":\"Programme d\u2019ambassadeurs jeunesse pour les jeunes - VOBOC FOUNDATION\",\"isPartOf\":{\"@id\":\"https:\\\/\\\/voboc.org\\\/#website\"},\"datePublished\":\"2020-09-24T01:57:02+00:00\",\"dateModified\":\"2020-10-25T18:20:44+00:00\",\"breadcrumb\":{\"@id\":\"https:\\\/\\\/voboc.org\\\/fr\\\/programme-dambassadeurs-jeunesse-pour-les-jeunes\\\/#breadcrumb\"},\"inLanguage\":\"fr-FR\",\"potentialAction\":[{\"@type\":\"ReadAction\",\"target\":[\"https:\\\/\\\/voboc.org\\\/fr\\\/programme-dambassadeurs-jeunesse-pour-les-jeunes\\\/\"]}]},{\"@type\":\"BreadcrumbList\",\"@id\":\"https:\\\/\\\/voboc.org\\\/fr\\\/programme-dambassadeurs-jeunesse-pour-les-jeunes\\\/#breadcrumb\",\"itemListElement\":[{\"@type\":\"ListItem\",\"position\":1,\"name\":\"Home\",\"item\":\"https:\\\/\\\/voboc.org\\\/fr\\\/voboc-foundation\\\/\"},{\"@type\":\"ListItem\",\"position\":2,\"name\":\"Programme d\u2019ambassadeurs jeunesse pour les jeunes\"}]},{\"@type\":\"WebSite\",\"@id\":\"https:\\\/\\\/voboc.org\\\/#website\",\"url\":\"https:\\\/\\\/voboc.org\\\/\",\"name\":\"VOBOC FOUNDATION\",\"description\":\"Supporting adolescents &amp; young adults with their battle against cancer.\",\"potentialAction\":[{\"@type\":\"SearchAction\",\"target\":{\"@type\":\"EntryPoint\",\"urlTemplate\":\"https:\\\/\\\/voboc.org\\\/?s={search_term_string}\"},\"query-input\":{\"@type\":\"PropertyValueSpecification\",\"valueRequired\":true,\"valueName\":\"search_term_string\"}}],\"inLanguage\":\"fr-FR\"}]}<\/script>\n<!-- \/ Yoast SEO plugin. -->","yoast_head_json":{"title":"Programme d\u2019ambassadeurs jeunesse pour les jeunes - VOBOC FOUNDATION","robots":{"index":"index","follow":"follow","max-snippet":"max-snippet:-1","max-image-preview":"max-image-preview:large","max-video-preview":"max-video-preview:-1"},"canonical":"https:\/\/voboc.org\/fr\/programme-dambassadeurs-jeunesse-pour-les-jeunes\/","og_locale":"fr_FR","og_type":"article","og_title":"Programme d\u2019ambassadeurs jeunesse pour les jeunes - VOBOC FOUNDATION","og_url":"https:\/\/voboc.org\/fr\/programme-dambassadeurs-jeunesse-pour-les-jeunes\/","og_site_name":"VOBOC FOUNDATION","article_modified_time":"2020-10-25T18:20:44+00:00","twitter_card":"summary_large_image","twitter_misc":{"Est. reading time":"11 minutes"},"schema":{"@context":"https:\/\/schema.org","@graph":[{"@type":"WebPage","@id":"https:\/\/voboc.org\/fr\/programme-dambassadeurs-jeunesse-pour-les-jeunes\/","url":"https:\/\/voboc.org\/fr\/programme-dambassadeurs-jeunesse-pour-les-jeunes\/","name":"Programme d\u2019ambassadeurs jeunesse pour les jeunes - VOBOC FOUNDATION","isPartOf":{"@id":"https:\/\/voboc.org\/#website"},"datePublished":"2020-09-24T01:57:02+00:00","dateModified":"2020-10-25T18:20:44+00:00","breadcrumb":{"@id":"https:\/\/voboc.org\/fr\/programme-dambassadeurs-jeunesse-pour-les-jeunes\/#breadcrumb"},"inLanguage":"fr-FR","potentialAction":[{"@type":"ReadAction","target":["https:\/\/voboc.org\/fr\/programme-dambassadeurs-jeunesse-pour-les-jeunes\/"]}]},{"@type":"BreadcrumbList","@id":"https:\/\/voboc.org\/fr\/programme-dambassadeurs-jeunesse-pour-les-jeunes\/#breadcrumb","itemListElement":[{"@type":"ListItem","position":1,"name":"Home","item":"https:\/\/voboc.org\/fr\/voboc-foundation\/"},{"@type":"ListItem","position":2,"name":"Programme d\u2019ambassadeurs jeunesse pour les jeunes"}]},{"@type":"WebSite","@id":"https:\/\/voboc.org\/#website","url":"https:\/\/voboc.org\/","name":"VOBOC FOUNDATION","description":"Supporting adolescents &amp; young adults with their battle against cancer.","potentialAction":[{"@type":"SearchAction","target":{"@type":"EntryPoint","urlTemplate":"https:\/\/voboc.org\/?s={search_term_string}"},"query-input":{"@type":"PropertyValueSpecification","valueRequired":true,"valueName":"search_term_string"}}],"inLanguage":"fr-FR"}]}},"_links":{"self":[{"href":"https:\/\/voboc.org\/fr\/wp-json\/wp\/v2\/pages\/7504","targetHints":{"allow":["GET"]}}],"collection":[{"href":"https:\/\/voboc.org\/fr\/wp-json\/wp\/v2\/pages"}],"about":[{"href":"https:\/\/voboc.org\/fr\/wp-json\/wp\/v2\/types\/page"}],"author":[{"embeddable":true,"href":"https:\/\/voboc.org\/fr\/wp-json\/wp\/v2\/users\/4"}],"replies":[{"embeddable":true,"href":"https:\/\/voboc.org\/fr\/wp-json\/wp\/v2\/comments?post=7504"}],"version-history":[{"count":0,"href":"https:\/\/voboc.org\/fr\/wp-json\/wp\/v2\/pages\/7504\/revisions"}],"wp:attachment":[{"href":"https:\/\/voboc.org\/fr\/wp-json\/wp\/v2\/media?parent=7504"}],"curies":[{"name":"wp","href":"https:\/\/api.w.org\/{rel}","templated":true}]}}