{"id":7482,"date":"2020-09-22T22:14:59","date_gmt":"2020-09-23T02:14:59","guid":{"rendered":"https:\/\/voboc.org\/programmes\/"},"modified":"2025-03-26T16:15:56","modified_gmt":"2025-03-26T20:15:56","slug":"programmes","status":"publish","type":"page","link":"https:\/\/voboc.org\/fr\/programmes\/","title":{"rendered":"Programmes"},"content":{"rendered":"<p><div class=\"fusion-fullwidth fullwidth-box fusion-builder-row-1 hundred-percent-fullwidth non-hundred-percent-height-scrolling\" style=\"background-color: rgba(255,255,255,0);background-position: center center;background-repeat: no-repeat;padding-top:0px;padding-right:0px;padding-bottom:0px;padding-left:0px;margin-bottom: 0px;margin-top: 0px;border-width: 0px 0px 0px 0px;border-color:#e7e4e2;border-style:solid;\" ><div class=\"fusion-builder-row fusion-row\"><div class=\"fusion-layout-column fusion_builder_column fusion-builder-column-0 fusion_builder_column_1_1 1_1 fusion-one-full fusion-column-first fusion-column-last\" style=\"margin-top:0px;margin-bottom:10px;\"><div class=\"fusion-column-wrapper fusion-flex-column-wrapper-legacy\" style=\"background-position:left top;background-repeat:no-repeat;-webkit-background-size:cover;-moz-background-size:cover;-o-background-size:cover;background-size:cover;padding: 20px 0px 0px 0px;\"><style type=\"text\/css\"><\/style><div class=\"fusion-title title fusion-title-1 fusion-sep-none fusion-title-center fusion-title-text fusion-title-size-one\" style=\"font-size:55px;margin-top:-50px;margin-right:0px;margin-bottom:30px;margin-left:0px;\"><h1 class=\"title-heading-center fusion-responsive-typography-calculated\" style=\"margin:0;font-size:1em;--fontSize:55;line-height:1.15;\"><h1 style=\"text-align: center;\">Programmes<\/h1><\/h1><\/div><div class=\"fusion-clearfix\"><\/div><\/div><\/div><\/div><\/div><div class=\"fusion-fullwidth fullwidth-box fusion-builder-row-2 hundred-percent-fullwidth non-hundred-percent-height-scrolling\" style=\"background-color: #faf9f8;background-position: center center;background-repeat: no-repeat;padding-top:0px;padding-right:135px;padding-bottom:0px;padding-left:135px;margin-bottom: 0px;margin-top: 0px;border-width: 0px 0px 0px 0px;border-color:#e7e4e2;border-style:solid;\" ><div class=\"fusion-builder-row fusion-row\"><div class=\"fusion-layout-column fusion_builder_column fusion-builder-column-1 fusion_builder_column_1_3 1_3 fusion-one-third fusion-column-first\" style=\"width:33.333333333333%;width:calc(33.333333333333% - ( ( 0% + 0% ) * 0.33333333333333 ) );margin-right: 0%;margin-top:0px;margin-bottom:0px;\"><div class=\"fusion-column-wrapper fusion-flex-column-wrapper-legacy\" style=\"background-position:left top;background-repeat:no-repeat;-webkit-background-size:cover;-moz-background-size:cover;-o-background-size:cover;background-size:cover;padding: 0px 0px 0px 0px;\"><div class=\"imageframe-align-center\"><span class=\" fusion-imageframe imageframe-none imageframe-1 hover-type-zoomin\"><a class=\"fusion-no-lightbox\" href=\"https:\/\/voboc.org\/fr\/programme-des-sacs-vo-pak\/\" target=\"_self\" aria-label=\"program-1\"><img decoding=\"async\" width=\"400\" height=\"267\" src=\"https:\/\/voboc.org\/wp-content\/uploads\/2020\/09\/program-1.jpg\" data-orig-src=\"https:\/\/voboc.org\/wp-content\/uploads\/2020\/09\/program-1-400x267.jpg\" class=\"lazyload img-responsive wp-image-7475\" srcset=\"data:image\/svg+xml,%3Csvg%20xmlns%3D%27http%3A%2F%2Fwww.w3.org%2F2000%2Fsvg%27%20width%3D%27600%27%20height%3D%27400%27%20viewBox%3D%270%200%20600%20400%27%3E%3Crect%20width%3D%27600%27%20height%3D%27400%27%20fill-opacity%3D%220%22%2F%3E%3C%2Fsvg%3E\" data-srcset=\"https:\/\/voboc.org\/wp-content\/uploads\/2020\/09\/program-1-200x133.jpg 200w, https:\/\/voboc.org\/wp-content\/uploads\/2020\/09\/program-1-400x267.jpg 400w, https:\/\/voboc.org\/wp-content\/uploads\/2020\/09\/program-1.jpg 600w\" data-sizes=\"auto\" data-orig-sizes=\"(max-width: 1000px) 100vw, 400px\" \/><\/a><\/span><\/div><div class=\"fusion-clearfix\"><\/div><\/div><\/div><div class=\"fusion-layout-column fusion_builder_column fusion-builder-column-2 fusion_builder_column_1_3 1_3 fusion-one-third\" style=\"width:33.333333333333%;width:calc(33.333333333333% - ( ( 0% + 0% ) * 0.33333333333333 ) );margin-right: 0%;margin-top:0px;margin-bottom:0px;\"><div class=\"fusion-column-wrapper fusion-flex-column-wrapper-legacy\" style=\"background-position:left top;background-repeat:no-repeat;-webkit-background-size:cover;-moz-background-size:cover;-o-background-size:cover;background-size:cover;padding: 0px 0px 0px 0px;\"><div class=\"imageframe-align-center\"><span class=\" fusion-imageframe imageframe-none imageframe-2 hover-type-zoomin\"><a class=\"fusion-no-lightbox\" href=\"https:\/\/voboc.org\/fr\/demandes-speciales-et-en-fin-de-vie\/\" target=\"_self\" aria-label=\"program-2\"><img decoding=\"async\" width=\"400\" height=\"267\" src=\"https:\/\/voboc.org\/wp-content\/uploads\/2020\/09\/program-2.jpg\" data-orig-src=\"https:\/\/voboc.org\/wp-content\/uploads\/2020\/09\/program-2-400x267.jpg\" class=\"lazyload img-responsive wp-image-7477\" srcset=\"data:image\/svg+xml,%3Csvg%20xmlns%3D%27http%3A%2F%2Fwww.w3.org%2F2000%2Fsvg%27%20width%3D%27600%27%20height%3D%27400%27%20viewBox%3D%270%200%20600%20400%27%3E%3Crect%20width%3D%27600%27%20height%3D%27400%27%20fill-opacity%3D%220%22%2F%3E%3C%2Fsvg%3E\" data-srcset=\"https:\/\/voboc.org\/wp-content\/uploads\/2020\/09\/program-2-200x133.jpg 200w, https:\/\/voboc.org\/wp-content\/uploads\/2020\/09\/program-2-400x267.jpg 400w, https:\/\/voboc.org\/wp-content\/uploads\/2020\/09\/program-2.jpg 600w\" data-sizes=\"auto\" data-orig-sizes=\"(max-width: 1000px) 100vw, 400px\" \/><\/a><\/span><\/div><div class=\"fusion-clearfix\"><\/div><\/div><\/div><div class=\"fusion-layout-column fusion_builder_column fusion-builder-column-3 fusion_builder_column_1_3 1_3 fusion-one-third fusion-column-last\" style=\"width:33.333333333333%;width:calc(33.333333333333% - ( ( 0% + 0% ) * 0.33333333333333 ) );margin-top:0px;margin-bottom:0px;\"><div class=\"fusion-column-wrapper fusion-flex-column-wrapper-legacy\" style=\"background-position:left top;background-repeat:no-repeat;-webkit-background-size:cover;-moz-background-size:cover;-o-background-size:cover;background-size:cover;padding: 0px 0px 0px 0px;\"><div class=\"imageframe-align-center\"><span class=\" fusion-imageframe imageframe-none imageframe-3 hover-type-zoomin\"><a class=\"fusion-no-lightbox\" href=\"https:\/\/voboc.org\/fr\/education-et-sensibilisation\/\" target=\"_self\" aria-label=\"program-4\"><img decoding=\"async\" width=\"400\" height=\"267\" src=\"https:\/\/voboc.org\/wp-content\/uploads\/2020\/09\/program-4.jpg\" data-orig-src=\"https:\/\/voboc.org\/wp-content\/uploads\/2020\/09\/program-4-400x267.jpg\" class=\"lazyload img-responsive wp-image-7481\" srcset=\"data:image\/svg+xml,%3Csvg%20xmlns%3D%27http%3A%2F%2Fwww.w3.org%2F2000%2Fsvg%27%20width%3D%27600%27%20height%3D%27400%27%20viewBox%3D%270%200%20600%20400%27%3E%3Crect%20width%3D%27600%27%20height%3D%27400%27%20fill-opacity%3D%220%22%2F%3E%3C%2Fsvg%3E\" data-srcset=\"https:\/\/voboc.org\/wp-content\/uploads\/2020\/09\/program-4-200x133.jpg 200w, https:\/\/voboc.org\/wp-content\/uploads\/2020\/09\/program-4-400x267.jpg 400w, https:\/\/voboc.org\/wp-content\/uploads\/2020\/09\/program-4.jpg 600w\" data-sizes=\"auto\" data-orig-sizes=\"(max-width: 1000px) 100vw, 400px\" \/><\/a><\/span><\/div><div class=\"fusion-clearfix\"><\/div><\/div><\/div><\/div><\/div><div class=\"fusion-fullwidth fullwidth-box fusion-builder-row-3 nonhundred-percent-fullwidth non-hundred-percent-height-scrolling\" style=\"background-color: rgba(255,255,255,0);background-position: center center;background-repeat: no-repeat;padding-top:-20%;padding-right:30px;padding-bottom:0px;padding-left:30px;margin-bottom: 0px;margin-top: 35px;border-width: 0px 0px 0px 0px;border-color:#e7e4e2;border-style:solid;\" ><div class=\"fusion-builder-row fusion-row\"><div class=\"fusion-layout-column fusion_builder_column fusion-builder-column-4 fusion_builder_column_1_6 1_6 fusion-one-sixth fusion-column-first fusion-no-small-visibility fusion-no-medium-visibility\" style=\"width:16.666666666667%;width:calc(16.666666666667% - ( ( 4% + 4% ) * 0.16666666666667 ) );margin-right: 4%;margin-top:10px;margin-bottom:10px;\"><div class=\"fusion-column-wrapper fusion-flex-column-wrapper-legacy\" style=\"background-position:left top;background-repeat:no-repeat;-webkit-background-size:cover;-moz-background-size:cover;-o-background-size:cover;background-size:cover;padding: 0px 0px 0px 0px;\"><div class=\"fusion-clearfix\"><\/div><\/div><\/div><div class=\"fusion-layout-column fusion_builder_column fusion-builder-column-5 fusion_builder_column_2_3 2_3 fusion-two-third\" style=\"width:66.666666666667%;width:calc(66.666666666667% - ( ( 4% + 4% ) * 0.66666666666667 ) );margin-right: 4%;margin-top:10px;margin-bottom:10px;\"><div class=\"fusion-column-wrapper fusion-flex-column-wrapper-legacy\" style=\"background-position:left top;background-blend-mode: overlay;background-repeat:no-repeat;-webkit-background-size:cover;-moz-background-size:cover;-o-background-size:cover;background-size:cover;padding: 0px 0px 0px 0px;\"><div class=\"fusion-text fusion-text-1\"><p>Les programmes de VOBOC mettent l\u2019accent sur le besoin de donner aux adolescents et aux jeunes adultes (AJAs) le <span style=\"color: #ff9900; text-transform: uppercase;\">pouvoir<\/span> et les <span style=\"color: #ff9900; text-transform: uppercase;\">moyens<\/span> de <span style=\"color: #ff9900; text-transform: uppercase;\">s\u2019impliquer<\/span> dans leur parcours lorsqu\u2019ils commencent \u00e0 suivre des traitements. D\u00e8s le d\u00e9part, ils ont besoin de soutien et d\u2019aide pour naviguer dans le syst\u00e8me de soins de sant\u00e9 et r\u00e9pondre \u00e0 leurs inqui\u00e9tudes et d\u2019\u00eatre compris dans leur d\u00e9tresse et sentiment de solitude.<\/p>\n<p>VOBOC soutient les patients et cr\u00e9e des liens avec eux par le biais de son service de coordination des liaisons. Ce service offre une \u00e9coute active, de l\u2019expertise dans la navigation du syst\u00e8me de soins de sant\u00e9 et un partenariat avec l\u2019\u00e9quipe interdisciplinaire de soins de sant\u00e9.<\/p>\n<\/div><div class=\"fusion-clearfix\"><\/div><\/div><\/div><div class=\"fusion-layout-column fusion_builder_column fusion-builder-column-6 fusion_builder_column_1_6 1_6 fusion-one-sixth fusion-column-last fusion-no-small-visibility fusion-no-medium-visibility\" style=\"width:16.666666666667%;width:calc(16.666666666667% - ( ( 4% + 4% ) * 0.16666666666667 ) );margin-top:10px;margin-bottom:10px;\"><div class=\"fusion-column-wrapper fusion-flex-column-wrapper-legacy\" style=\"background-position:left top;background-repeat:no-repeat;-webkit-background-size:cover;-moz-background-size:cover;-o-background-size:cover;background-size:cover;padding: 0px 0px 0px 0px;\"><div class=\"fusion-clearfix\"><\/div><\/div><\/div><\/div><\/div><\/p>\n","protected":false},"excerpt":{"rendered":"","protected":false},"author":4,"featured_media":0,"parent":0,"menu_order":0,"comment_status":"closed","ping_status":"closed","template":"100-width.php","meta":{"footnotes":""},"class_list":["post-7482","page","type-page","status-publish","hentry"],"yoast_head":"<!-- This site is optimized with the Yoast SEO plugin v27.5 - https:\/\/yoast.com\/product\/yoast-seo-wordpress\/ -->\n<title>Programmes - VOBOC FOUNDATION<\/title>\n<meta name=\"robots\" content=\"index, follow, max-snippet:-1, max-image-preview:large, max-video-preview:-1\" \/>\n<link rel=\"canonical\" href=\"https:\/\/voboc.org\/fr\/programmes\/\" \/>\n<meta property=\"og:locale\" content=\"fr_FR\" \/>\n<meta property=\"og:type\" content=\"article\" \/>\n<meta property=\"og:title\" content=\"Programmes - VOBOC FOUNDATION\" \/>\n<meta property=\"og:url\" content=\"https:\/\/voboc.org\/fr\/programmes\/\" \/>\n<meta property=\"og:site_name\" content=\"VOBOC FOUNDATION\" \/>\n<meta property=\"article:modified_time\" content=\"2025-03-26T20:15:56+00:00\" \/>\n<meta name=\"twitter:card\" content=\"summary_large_image\" \/>\n<meta name=\"twitter:label1\" content=\"Est. reading time\" \/>\n\t<meta name=\"twitter:data1\" content=\"6 minutes\" \/>\n<script type=\"application\/ld+json\" class=\"yoast-schema-graph\">{\"@context\":\"https:\\\/\\\/schema.org\",\"@graph\":[{\"@type\":\"WebPage\",\"@id\":\"https:\\\/\\\/voboc.org\\\/fr\\\/programmes\\\/\",\"url\":\"https:\\\/\\\/voboc.org\\\/fr\\\/programmes\\\/\",\"name\":\"Programmes - VOBOC FOUNDATION\",\"isPartOf\":{\"@id\":\"https:\\\/\\\/voboc.org\\\/#website\"},\"datePublished\":\"2020-09-23T02:14:59+00:00\",\"dateModified\":\"2025-03-26T20:15:56+00:00\",\"breadcrumb\":{\"@id\":\"https:\\\/\\\/voboc.org\\\/fr\\\/programmes\\\/#breadcrumb\"},\"inLanguage\":\"fr-FR\",\"potentialAction\":[{\"@type\":\"ReadAction\",\"target\":[\"https:\\\/\\\/voboc.org\\\/fr\\\/programmes\\\/\"]}]},{\"@type\":\"BreadcrumbList\",\"@id\":\"https:\\\/\\\/voboc.org\\\/fr\\\/programmes\\\/#breadcrumb\",\"itemListElement\":[{\"@type\":\"ListItem\",\"position\":1,\"name\":\"Home\",\"item\":\"https:\\\/\\\/voboc.org\\\/fr\\\/voboc-foundation\\\/\"},{\"@type\":\"ListItem\",\"position\":2,\"name\":\"Programmes\"}]},{\"@type\":\"WebSite\",\"@id\":\"https:\\\/\\\/voboc.org\\\/#website\",\"url\":\"https:\\\/\\\/voboc.org\\\/\",\"name\":\"VOBOC FOUNDATION\",\"description\":\"Supporting adolescents &amp; young adults with their battle against cancer.\",\"potentialAction\":[{\"@type\":\"SearchAction\",\"target\":{\"@type\":\"EntryPoint\",\"urlTemplate\":\"https:\\\/\\\/voboc.org\\\/?s={search_term_string}\"},\"query-input\":{\"@type\":\"PropertyValueSpecification\",\"valueRequired\":true,\"valueName\":\"search_term_string\"}}],\"inLanguage\":\"fr-FR\"}]}<\/script>\n<!-- \/ Yoast SEO plugin. -->","yoast_head_json":{"title":"Programmes - VOBOC FOUNDATION","robots":{"index":"index","follow":"follow","max-snippet":"max-snippet:-1","max-image-preview":"max-image-preview:large","max-video-preview":"max-video-preview:-1"},"canonical":"https:\/\/voboc.org\/fr\/programmes\/","og_locale":"fr_FR","og_type":"article","og_title":"Programmes - VOBOC FOUNDATION","og_url":"https:\/\/voboc.org\/fr\/programmes\/","og_site_name":"VOBOC FOUNDATION","article_modified_time":"2025-03-26T20:15:56+00:00","twitter_card":"summary_large_image","twitter_misc":{"Est. reading time":"6 minutes"},"schema":{"@context":"https:\/\/schema.org","@graph":[{"@type":"WebPage","@id":"https:\/\/voboc.org\/fr\/programmes\/","url":"https:\/\/voboc.org\/fr\/programmes\/","name":"Programmes - VOBOC FOUNDATION","isPartOf":{"@id":"https:\/\/voboc.org\/#website"},"datePublished":"2020-09-23T02:14:59+00:00","dateModified":"2025-03-26T20:15:56+00:00","breadcrumb":{"@id":"https:\/\/voboc.org\/fr\/programmes\/#breadcrumb"},"inLanguage":"fr-FR","potentialAction":[{"@type":"ReadAction","target":["https:\/\/voboc.org\/fr\/programmes\/"]}]},{"@type":"BreadcrumbList","@id":"https:\/\/voboc.org\/fr\/programmes\/#breadcrumb","itemListElement":[{"@type":"ListItem","position":1,"name":"Home","item":"https:\/\/voboc.org\/fr\/voboc-foundation\/"},{"@type":"ListItem","position":2,"name":"Programmes"}]},{"@type":"WebSite","@id":"https:\/\/voboc.org\/#website","url":"https:\/\/voboc.org\/","name":"VOBOC FOUNDATION","description":"Supporting adolescents &amp; young adults with their battle against cancer.","potentialAction":[{"@type":"SearchAction","target":{"@type":"EntryPoint","urlTemplate":"https:\/\/voboc.org\/?s={search_term_string}"},"query-input":{"@type":"PropertyValueSpecification","valueRequired":true,"valueName":"search_term_string"}}],"inLanguage":"fr-FR"}]}},"_links":{"self":[{"href":"https:\/\/voboc.org\/fr\/wp-json\/wp\/v2\/pages\/7482","targetHints":{"allow":["GET"]}}],"collection":[{"href":"https:\/\/voboc.org\/fr\/wp-json\/wp\/v2\/pages"}],"about":[{"href":"https:\/\/voboc.org\/fr\/wp-json\/wp\/v2\/types\/page"}],"author":[{"embeddable":true,"href":"https:\/\/voboc.org\/fr\/wp-json\/wp\/v2\/users\/4"}],"replies":[{"embeddable":true,"href":"https:\/\/voboc.org\/fr\/wp-json\/wp\/v2\/comments?post=7482"}],"version-history":[{"count":0,"href":"https:\/\/voboc.org\/fr\/wp-json\/wp\/v2\/pages\/7482\/revisions"}],"wp:attachment":[{"href":"https:\/\/voboc.org\/fr\/wp-json\/wp\/v2\/media?parent=7482"}],"curies":[{"name":"wp","href":"https:\/\/api.w.org\/{rel}","templated":true}]}}