{"id":7471,"date":"2020-09-22T19:28:47","date_gmt":"2020-09-22T23:28:47","guid":{"rendered":"https:\/\/voboc.org\/fondation-cmb\/"},"modified":"2024-05-04T20:11:42","modified_gmt":"2024-05-05T00:11:42","slug":"fondation-cmb","status":"publish","type":"page","link":"https:\/\/voboc.org\/fr\/fondation-cmb\/","title":{"rendered":"Le Fonds CMB"},"content":{"rendered":"<p><div class=\"fusion-fullwidth fullwidth-box fusion-builder-row-1 nonhundred-percent-fullwidth non-hundred-percent-height-scrolling\" style=\"background-color: rgba(255,255,255,0);background-position: center center;background-repeat: no-repeat;padding-top:0px;padding-right:200px;padding-bottom:0px;padding-left:200px;margin-bottom: 0px;margin-top: 0px;border-width: 0px 0px 0px 0px;border-color:#e7e4e2;border-style:solid;\" ><div class=\"fusion-builder-row fusion-row\"><div class=\"fusion-layout-column fusion_builder_column fusion-builder-column-0 fusion_builder_column_3_5 3_5 fusion-three-fifth fusion-column-first\" style=\"width:60%;width:calc(60% - ( ( 4% ) * 0.6 ) );margin-right: 4%;margin-top:10px;margin-bottom:10px;\"><div class=\"fusion-column-wrapper fusion-flex-column-wrapper-legacy\" style=\"background-position:left top;background-repeat:no-repeat;-webkit-background-size:cover;-moz-background-size:cover;-o-background-size:cover;background-size:cover;padding: 0px 0px 0px 0px;\"><span class=\" fusion-imageframe imageframe-none imageframe-1 hover-type-none photo-space-bottom fusion-no-large-visibility\" id=\"center-logo\"><img decoding=\"async\" width=\"200\" height=\"83\" title=\"CMB_FUND_LOGO_FINAL_3-200&#215;83\" src=\"data:image\/svg+xml,%3Csvg%20xmlns%3D%27http%3A%2F%2Fwww.w3.org%2F2000%2Fsvg%27%20width%3D%27200%27%20height%3D%2783%27%20viewBox%3D%270%200%20200%2083%27%3E%3Crect%20width%3D%27200%27%20height%3D%2783%27%20fill-opacity%3D%220%22%2F%3E%3C%2Fsvg%3E\" data-orig-src=\"https:\/\/voboc.org\/wp-content\/uploads\/2020\/08\/CMB_FUND_LOGO_FINAL_3-200x83-1.png\" class=\"lazyload img-responsive wp-image-7411\"\/><\/span><div class=\"fusion-text fusion-text-1\"><h1 style=\"text-align: center;\">Fondation CMB<\/h1>\n<p style=\"font-size: 24px; text-align: center;\">Le Fonds Cody Michael Bouchard<\/p>\n<\/div><div class=\"fusion-clearfix\"><\/div><\/div><\/div><div class=\"fusion-layout-column fusion_builder_column fusion-builder-column-1 fusion_builder_column_1_5 1_5 fusion-one-fifth fusion-column-last\" style=\"width:20%;width:calc(20% - ( ( 4% ) * 0.2 ) );margin-top:10px;margin-bottom:10px;\"><div class=\"fusion-column-wrapper fusion-flex-column-wrapper-legacy\" style=\"background-position:left top;background-repeat:no-repeat;-webkit-background-size:cover;-moz-background-size:cover;-o-background-size:cover;background-size:cover;padding: 31px 0px 0px 0px;\"><span class=\" fusion-imageframe imageframe-none imageframe-2 hover-type-none fusion-no-small-visibility fusion-no-medium-visibility\"><img decoding=\"async\" width=\"200\" height=\"83\" title=\"CMB_FUND_LOGO_FINAL_3-200&#215;83\" src=\"data:image\/svg+xml,%3Csvg%20xmlns%3D%27http%3A%2F%2Fwww.w3.org%2F2000%2Fsvg%27%20width%3D%27200%27%20height%3D%2783%27%20viewBox%3D%270%200%20200%2083%27%3E%3Crect%20width%3D%27200%27%20height%3D%2783%27%20fill-opacity%3D%220%22%2F%3E%3C%2Fsvg%3E\" data-orig-src=\"https:\/\/voboc.org\/wp-content\/uploads\/2020\/08\/CMB_FUND_LOGO_FINAL_3-200x83-1.png\" class=\"lazyload img-responsive wp-image-7411\"\/><\/span><div class=\"fusion-clearfix\"><\/div><\/div><\/div><\/div><\/div><div class=\"fusion-fullwidth fullwidth-box fusion-builder-row-2 nonhundred-percent-fullwidth non-hundred-percent-height-scrolling\" style=\"background-color: rgba(255,255,255,0);background-position: center center;background-repeat: no-repeat;padding-top:0px;padding-right:30px;padding-bottom:0px;padding-left:30px;margin-bottom: 0px;margin-top: 0px;border-width: 0px 0px 0px 0px;border-color:#e7e4e2;border-style:solid;\" ><div class=\"fusion-builder-row fusion-row\"><div class=\"fusion-layout-column fusion_builder_column fusion-builder-column-2 fusion_builder_column_1_1 1_1 fusion-one-full fusion-column-first fusion-column-last\" style=\"margin-top:10px;margin-bottom:10px;\"><div class=\"fusion-column-wrapper fusion-flex-column-wrapper-legacy\" style=\"background-position:left top;background-repeat:no-repeat;-webkit-background-size:cover;-moz-background-size:cover;-o-background-size:cover;background-size:cover;padding: 0px 0px 0px 0px;\"><div class=\"fusion-clearfix\"><\/div><\/div><\/div><\/div><\/div><div class=\"fusion-fullwidth fullwidth-box fusion-builder-row-3 nonhundred-percent-fullwidth non-hundred-percent-height-scrolling\" style=\"background-color: rgba(255,255,255,0);background-position: center center;background-repeat: no-repeat;padding-top:0px;padding-right:200px;padding-bottom:0px;padding-left:200px;margin-bottom: 0px;margin-top: 0px;border-width: 0px 0px 0px 0px;border-color:#e7e4e2;border-style:solid;\" ><div class=\"fusion-builder-row fusion-row\"><div class=\"fusion-layout-column fusion_builder_column fusion-builder-column-3 fusion_builder_column_2_5 2_5 fusion-two-fifth fusion-column-first\" style=\"width:40%;width:calc(40% - ( ( 4% ) * 0.4 ) );margin-right: 4%;margin-top:10px;margin-bottom:10px;\"><div class=\"fusion-column-wrapper fusion-flex-column-wrapper-legacy\" style=\"background-position:left top;background-repeat:no-repeat;-webkit-background-size:cover;-moz-background-size:cover;-o-background-size:cover;background-size:cover;padding: 0px 0px 0px 0px;\"><span class=\" fusion-imageframe imageframe-none imageframe-3 hover-type-none\"><img decoding=\"async\" width=\"575\" height=\"383\" title=\"Cody Bouchard\" src=\"https:\/\/voboc.org\/wp-content\/uploads\/2020\/08\/Cody-Bouchard.png\" data-orig-src=\"https:\/\/voboc.org\/wp-content\/uploads\/2020\/08\/Cody-Bouchard.png\" class=\"lazyload img-responsive wp-image-7409\" srcset=\"data:image\/svg+xml,%3Csvg%20xmlns%3D%27http%3A%2F%2Fwww.w3.org%2F2000%2Fsvg%27%20width%3D%27575%27%20height%3D%27383%27%20viewBox%3D%270%200%20575%20383%27%3E%3Crect%20width%3D%27575%27%20height%3D%27383%27%20fill-opacity%3D%220%22%2F%3E%3C%2Fsvg%3E\" data-srcset=\"https:\/\/voboc.org\/wp-content\/uploads\/2020\/08\/Cody-Bouchard-200x133.png 200w, https:\/\/voboc.org\/wp-content\/uploads\/2020\/08\/Cody-Bouchard-400x266.png 400w, https:\/\/voboc.org\/wp-content\/uploads\/2020\/08\/Cody-Bouchard.png 575w\" data-sizes=\"auto\" data-orig-sizes=\"(max-width: 1000px) 100vw, 575px\" \/><\/span><div class=\"fusion-clearfix\"><\/div><\/div><\/div><div class=\"fusion-layout-column fusion_builder_column fusion-builder-column-4 fusion_builder_column_3_5 3_5 fusion-three-fifth fusion-column-last\" style=\"width:60%;width:calc(60% - ( ( 4% ) * 0.6 ) );margin-top:10px;margin-bottom:10px;\"><div class=\"fusion-column-wrapper fusion-flex-column-wrapper-legacy\" style=\"background-position:left top;background-repeat:no-repeat;-webkit-background-size:cover;-moz-background-size:cover;-o-background-size:cover;background-size:cover;padding: 0px 0px 0px 0px;\"><div class=\"fusion-text fusion-text-2\"><p style=\"text-align: left; font-size: 22px;\" data-fusion-font=\"true\">Nous sommes honor\u00e9s et ravis de pr\u00e9senter le Fonds CMB, lequel fait maintenant partie de la Fondation VOBOC.<\/p>\n<p style=\"text-align: left; font-size: 22px;\" data-fusion-font=\"true\">Le Fonds CMB a \u00e9t\u00e9 cr\u00e9\u00e9 par la famille Bouchard en l\u2019honneur de leur fils Cody. Cody est d\u00e9c\u00e9d\u00e9 en f\u00e9vrier 2020 apr\u00e8s un courageux combat contre un cancer. Il n\u2019avait que 19 ans.<\/p>\n<p style=\"text-align: left; font-size: 22px;\" data-fusion-font=\"true\">Cody \u00e9tait tr\u00e8s reconnaissant de pouvoir compter sur le soutien de sa famille et de la communaut\u00e9 apr\u00e8s avoir re\u00e7u un diagnostic de cancer. Il \u00e9tait d\u00e9termin\u00e9 \u00e0 se battre avec le plus d\u2019\u00e9nergie possible et \u00e0 demeurer positif.<\/p>\n<\/div><div class=\"fusion-clearfix\"><\/div><\/div><\/div><\/div><\/div><div class=\"fusion-fullwidth fullwidth-box fusion-builder-row-4 nonhundred-percent-fullwidth non-hundred-percent-height-scrolling\" style=\"background-color: rgba(255,255,255,0);background-position: center center;background-repeat: no-repeat;padding-top:0px;padding-right:200px;padding-bottom:0px;padding-left:200px;margin-bottom: 0px;margin-top: 0px;border-width: 0px 0px 0px 0px;border-color:#e7e4e2;border-style:solid;\" ><div class=\"fusion-builder-row fusion-row\"><div class=\"fusion-layout-column fusion_builder_column fusion-builder-column-5 fusion_builder_column_1_1 1_1 fusion-one-full fusion-column-first fusion-column-last\" style=\"margin-top:10px;margin-bottom:10px;\"><div class=\"fusion-column-wrapper fusion-flex-column-wrapper-legacy\" style=\"background-position:left top;background-repeat:no-repeat;-webkit-background-size:cover;-moz-background-size:cover;-o-background-size:cover;background-size:cover;padding: 0px 0px 0px 0px;\"><div class=\"fusion-text fusion-text-3\"><p style=\"text-align: left; font-size: 22px;\" data-fusion-font=\"true\"><span style=\"background-color: rgba(255, 255, 255, 0); color: var(--body_typography-color); font-family: var(--body_typography-font-family); font-style: var(--body_typography-font-style,normal); font-weight: var(--body_typography-font-weight); letter-spacing: var(--body_typography-letter-spacing);\"> Cody a re\u00e7u un sac Vo-Pak lorsqu\u2019il a amorc\u00e9 son traitement contre le cancer et a dit qu\u2019il a senti le soutien d\u2019une communaut\u00e9 \u00e9largie. Il savait que toutes les personnes qui traversent une \u00e9preuve de cancer n\u2019ont pas toujours acc\u00e8s \u00e0 ce type de soutien. Il a d\u00e9cid\u00e9 que personne ne devrait jamais avoir \u00e0 combattre seul. Cody a clairement exprim\u00e9 qu\u2019il voulait aider les enfants frapp\u00e9s par un cancer, et c\u2019est ce que le Fonds CMB s\u2019efforcera de faire, avec l\u2019aide de la communaut\u00e9. <\/span><\/p>\n<p style=\"text-align: left; font-size: 22px;\" data-fusion-font=\"true\">La Fondation VOBOC est honor\u00e9e de promouvoir le Fonds CMB et d\u2019aider \u00e0 r\u00e9aliser les souhaits de Cody d\u2019aider les jeunes dans leur combat contre un cancer.<\/p>\n<\/div><div class=\"fusion-clearfix\"><\/div><\/div><\/div><\/div><\/div><div class=\"fusion-fullwidth fullwidth-box fusion-builder-row-5 nonhundred-percent-fullwidth non-hundred-percent-height-scrolling\" style=\"background-color: rgba(255,255,255,0);background-position: center center;background-repeat: no-repeat;padding-top:0px;padding-right:30px;padding-bottom:0px;padding-left:30px;margin-bottom: 0px;margin-top: 0px;border-width: 0px 0px 0px 0px;border-color:#e7e4e2;border-style:solid;\" ><div class=\"fusion-builder-row fusion-row\"><div class=\"fusion-layout-column fusion_builder_column fusion-builder-column-6 fusion_builder_column_1_1 1_1 fusion-one-full fusion-column-first fusion-column-last\" style=\"margin-top:10px;margin-bottom:10px;\"><div class=\"fusion-column-wrapper fusion-flex-column-wrapper-legacy\" style=\"background-position:left top;background-repeat:no-repeat;-webkit-background-size:cover;-moz-background-size:cover;-o-background-size:cover;background-size:cover;padding: 0px 0px 0px 0px;\"><div class=\"fusion-text fusion-text-4\"><p style=\"text-align: center; font-size: 24px;\"><b> Pour en savoir plus sur Cody et le Fonds CMB, visitez\u00a0: <\/b><\/p>\n<\/div><div class=\"fusion-aligncenter\"><style type=\"text\/css\">.fusion-button.button-1 {border-radius:6px;}.fusion-button.button-1.button-3d{-webkit-box-shadow: inset 0px 1px 0px #fff,0px 4px 0px #f09a3e,1px 6px 6px 3px rgba(0,0,0,0.3);-moz-box-shadow: inset 0px 1px 0px #fff,0px 4px 0px #f09a3e,1px 6px 6px 3px rgba(0,0,0,0.3);box-shadow: inset 0px 1px 0px #fff,0px 4px 0px #f09a3e,1px 6px 6px 3px rgba(0,0,0,0.3);}.button-1.button-3d:active{-webkit-box-shadow: inset 0px 1px 0px #fff,0px 4px 0px #f09a3e,1px 6px 6px 3px rgba(0,0,0,0.3);-moz-box-shadow: inset 0px 1px 0px #fff,0px 4px 0px #f09a3e,1px 6px 6px 3px rgba(0,0,0,0.3);box-shadow: inset 0px 1px 0px #fff,0px 4px 0px #f09a3e,1px 6px 6px 3px rgba(0,0,0,0.3);}<\/style><a class=\"fusion-button button-3d fusion-button-default-size button-default button-1 fusion-button-span-no \" target=\"_blank\" rel=\"noopener noreferrer\" href=\"http:\/\/cmbfund.org\/\"><span class=\"fusion-button-text\">LE FONDS CMB<\/span><\/a><\/div><div class=\"fusion-sep-clear\"><\/div><div class=\"fusion-separator fusion-full-width-sep\" style=\"margin-left: auto;margin-right: auto;margin-top:50px;margin-bottom:3px;width:100%;\"><div class=\"fusion-separator-border sep-single sep-solid\" style=\"border-color:#ff9800;border-top-width:6px;\"><\/div><\/div><div class=\"fusion-sep-clear\"><\/div><div class=\"fusion-clearfix\"><\/div><\/div><\/div><\/div><\/div><\/p>\n","protected":false},"excerpt":{"rendered":"","protected":false},"author":4,"featured_media":0,"parent":0,"menu_order":0,"comment_status":"closed","ping_status":"closed","template":"","meta":{"footnotes":""},"class_list":["post-7471","page","type-page","status-publish","hentry"],"yoast_head":"<!-- This site is optimized with the Yoast SEO plugin v26.8 - https:\/\/yoast.com\/product\/yoast-seo-wordpress\/ -->\n<title>Le Fonds CMB - VOBOC FOUNDATION<\/title>\n<meta name=\"robots\" content=\"index, follow, max-snippet:-1, max-image-preview:large, max-video-preview:-1\" \/>\n<link rel=\"canonical\" href=\"https:\/\/voboc.org\/fr\/fondation-cmb\/\" \/>\n<meta property=\"og:locale\" content=\"fr_FR\" \/>\n<meta property=\"og:type\" content=\"article\" \/>\n<meta property=\"og:title\" content=\"Le Fonds CMB - VOBOC FOUNDATION\" \/>\n<meta property=\"og:url\" content=\"https:\/\/voboc.org\/fr\/fondation-cmb\/\" \/>\n<meta property=\"og:site_name\" content=\"VOBOC FOUNDATION\" \/>\n<meta property=\"article:modified_time\" content=\"2024-05-05T00:11:42+00:00\" \/>\n<meta name=\"twitter:card\" content=\"summary_large_image\" \/>\n<meta name=\"twitter:label1\" content=\"Est. reading time\" \/>\n\t<meta name=\"twitter:data1\" content=\"7 minutes\" \/>\n<script type=\"application\/ld+json\" class=\"yoast-schema-graph\">{\"@context\":\"https:\/\/schema.org\",\"@graph\":[{\"@type\":\"WebPage\",\"@id\":\"https:\/\/voboc.org\/fr\/fondation-cmb\/\",\"url\":\"https:\/\/voboc.org\/fr\/fondation-cmb\/\",\"name\":\"Le Fonds CMB - VOBOC FOUNDATION\",\"isPartOf\":{\"@id\":\"https:\/\/voboc.org\/#website\"},\"datePublished\":\"2020-09-22T23:28:47+00:00\",\"dateModified\":\"2024-05-05T00:11:42+00:00\",\"breadcrumb\":{\"@id\":\"https:\/\/voboc.org\/fr\/fondation-cmb\/#breadcrumb\"},\"inLanguage\":\"fr-FR\",\"potentialAction\":[{\"@type\":\"ReadAction\",\"target\":[\"https:\/\/voboc.org\/fr\/fondation-cmb\/\"]}]},{\"@type\":\"BreadcrumbList\",\"@id\":\"https:\/\/voboc.org\/fr\/fondation-cmb\/#breadcrumb\",\"itemListElement\":[{\"@type\":\"ListItem\",\"position\":1,\"name\":\"Home\",\"item\":\"https:\/\/voboc.org\/fr\/voboc-foundation\/\"},{\"@type\":\"ListItem\",\"position\":2,\"name\":\"Le Fonds CMB\"}]},{\"@type\":\"WebSite\",\"@id\":\"https:\/\/voboc.org\/#website\",\"url\":\"https:\/\/voboc.org\/\",\"name\":\"VOBOC FOUNDATION\",\"description\":\"Supporting adolescents &amp; young adults with their battle against cancer.\",\"potentialAction\":[{\"@type\":\"SearchAction\",\"target\":{\"@type\":\"EntryPoint\",\"urlTemplate\":\"https:\/\/voboc.org\/?s={search_term_string}\"},\"query-input\":{\"@type\":\"PropertyValueSpecification\",\"valueRequired\":true,\"valueName\":\"search_term_string\"}}],\"inLanguage\":\"fr-FR\"}]}<\/script>\n<!-- \/ Yoast SEO plugin. -->","yoast_head_json":{"title":"Le Fonds CMB - VOBOC FOUNDATION","robots":{"index":"index","follow":"follow","max-snippet":"max-snippet:-1","max-image-preview":"max-image-preview:large","max-video-preview":"max-video-preview:-1"},"canonical":"https:\/\/voboc.org\/fr\/fondation-cmb\/","og_locale":"fr_FR","og_type":"article","og_title":"Le Fonds CMB - VOBOC FOUNDATION","og_url":"https:\/\/voboc.org\/fr\/fondation-cmb\/","og_site_name":"VOBOC FOUNDATION","article_modified_time":"2024-05-05T00:11:42+00:00","twitter_card":"summary_large_image","twitter_misc":{"Est. reading time":"7 minutes"},"schema":{"@context":"https:\/\/schema.org","@graph":[{"@type":"WebPage","@id":"https:\/\/voboc.org\/fr\/fondation-cmb\/","url":"https:\/\/voboc.org\/fr\/fondation-cmb\/","name":"Le Fonds CMB - VOBOC FOUNDATION","isPartOf":{"@id":"https:\/\/voboc.org\/#website"},"datePublished":"2020-09-22T23:28:47+00:00","dateModified":"2024-05-05T00:11:42+00:00","breadcrumb":{"@id":"https:\/\/voboc.org\/fr\/fondation-cmb\/#breadcrumb"},"inLanguage":"fr-FR","potentialAction":[{"@type":"ReadAction","target":["https:\/\/voboc.org\/fr\/fondation-cmb\/"]}]},{"@type":"BreadcrumbList","@id":"https:\/\/voboc.org\/fr\/fondation-cmb\/#breadcrumb","itemListElement":[{"@type":"ListItem","position":1,"name":"Home","item":"https:\/\/voboc.org\/fr\/voboc-foundation\/"},{"@type":"ListItem","position":2,"name":"Le Fonds CMB"}]},{"@type":"WebSite","@id":"https:\/\/voboc.org\/#website","url":"https:\/\/voboc.org\/","name":"VOBOC FOUNDATION","description":"Supporting adolescents &amp; young adults with their battle against cancer.","potentialAction":[{"@type":"SearchAction","target":{"@type":"EntryPoint","urlTemplate":"https:\/\/voboc.org\/?s={search_term_string}"},"query-input":{"@type":"PropertyValueSpecification","valueRequired":true,"valueName":"search_term_string"}}],"inLanguage":"fr-FR"}]}},"_links":{"self":[{"href":"https:\/\/voboc.org\/fr\/wp-json\/wp\/v2\/pages\/7471","targetHints":{"allow":["GET"]}}],"collection":[{"href":"https:\/\/voboc.org\/fr\/wp-json\/wp\/v2\/pages"}],"about":[{"href":"https:\/\/voboc.org\/fr\/wp-json\/wp\/v2\/types\/page"}],"author":[{"embeddable":true,"href":"https:\/\/voboc.org\/fr\/wp-json\/wp\/v2\/users\/4"}],"replies":[{"embeddable":true,"href":"https:\/\/voboc.org\/fr\/wp-json\/wp\/v2\/comments?post=7471"}],"version-history":[{"count":0,"href":"https:\/\/voboc.org\/fr\/wp-json\/wp\/v2\/pages\/7471\/revisions"}],"wp:attachment":[{"href":"https:\/\/voboc.org\/fr\/wp-json\/wp\/v2\/media?parent=7471"}],"curies":[{"name":"wp","href":"https:\/\/api.w.org\/{rel}","templated":true}]}}