{"id":3676,"date":"2016-08-01T19:11:29","date_gmt":"2016-08-01T23:11:29","guid":{"rendered":"https:\/\/voboc.wpengine.com\/fr\/?page_id=3676"},"modified":"2018-12-05T09:33:55","modified_gmt":"2018-12-05T14:33:55","slug":"home","status":"publish","type":"page","link":"https:\/\/voboc.org\/fr\/home\/","title":{"rendered":"Accueil"},"content":{"rendered":"<p>[vc_row full_width=\u00a0\u00bbstretch_row\u00a0\u00bb css_animation=\u00a0\u00bbtop-to-bottom\u00a0\u00bb css=\u00a0\u00bb.vc_custom_1512591212648{padding-top: 0px !important;padding-bottom: 0px !important;}\u00a0\u00bb el_class=\u00a0\u00bbyellow-line\u00a0\u00bb][vc_column][vc_column_text]<\/p>\n<h2 style=\"text-align: center;\">Donner aux AJA les moyens d\u2019am\u00e9liorer leur \u00e9tat de sant\u00e9<\/h2>\n<p style=\"text-align: center;\">On estime qu&rsquo;il y a 8 300 adolescents et de jeunes adultes (AJA) qui ont eu le cancer et 1 300 de d\u00e9c\u00e8s en 2016. Le lymphome, le m\u00e9lanome cutan\u00e9 invasif, le syst\u00e8me g\u00e9nital et les cancers de la thyro\u00efde repr\u00e9sentent les 4 cancers nouvellement diagnostiqu\u00e9s.<\/p>\n<div style=\"text-align: center;\"><a class=\"vcex-button theme-button minimal orange small align-center animate-on-hover\" title=\"Apprendre Encore Plus\" href=\"https:\/\/voboc.org\/programs-and-services\/\"><span class=\"theme-button-inner\">Apprendre Encore Plus<\/span><\/a> <a class=\"vcex-button theme-button minimal orange small align-center animate-on-hover\" title=\"Faire un Don\" href=\"https:\/\/www.canadahelps.org\/en\/charities\/the-voboc-foundation\/\"><span class=\"theme-button-inner\">Faire un Don<\/span><\/a><\/div>\n<p>[\/vc_column_text][\/vc_column][\/vc_row][vc_row full_width=\u00a0\u00bbstretch_row\u00a0\u00bb parallax=\u00a0\u00bbcontent-moving\u00a0\u00bb parallax_image=\u00a0\u00bb4470&Prime; css_animation=\u00a0\u00bbbottom-to-top\u00a0\u00bb css=\u00a0\u00bb.vc_custom_1470750578606{padding-top: 4em !important;padding-bottom: 4em !important;background-color: #f0f0f0 !important;}\u00a0\u00bb el_class=\u00a0\u00bbcanada-stats\u00a0\u00bb][vc_column el_class=\u00a0\u00bbTOUS LES JOURS\u00a0\u00bb][vc_column_text css=\u00a0\u00bb.vc_custom_1500397694468{margin-top: 0px !important;margin-right: 0px !important;margin-bottom: 0px !important;margin-left: 0px !important;border-top-width: 0px !important;border-right-width: 0px !important;border-bottom-width: 0px !important;border-left-width: 0px !important;padding-top: 0px !important;padding-right: 0px !important;padding-bottom: 0px !important;padding-left: 0px !important;}\u00a0\u00bb]<\/p>\n<p style=\"text-align: center;\"><span style=\"font-family: Roboto;\">TOUS LES JOURS<\/span><\/p>\n<p>[\/vc_column_text][\/vc_column][vc_column css_animation=\u00a0\u00bbleft-to-right\u00a0\u00bb width=\u00a0\u00bb1\/2&Prime;][vc_column_text]<\/p>\n<p style=\"text-align: center;\"><span class=\"count-large\" style=\"font-family: Roboto;\">23<\/span><br \/>\nAJAs DIAGNOSTIQU\u00c9S AVEC LE CANCER AU CANADA<\/p>\n<p>[\/vc_column_text][\/vc_column][vc_column css_animation=\u00a0\u00bbright-to-left\u00a0\u00bb width=\u00a0\u00bb1\/2&Prime;][vc_column_text]<\/p>\n<p style=\"text-align: center;\"><span class=\"count-large\" style=\"font-family: Roboto;\">2<\/span><br \/>\nAJAs DIAGNOSTIQU\u00c9S AVEC LE CANCER \u00c0 MONTR\u00c9AL<\/p>\n<p>[\/vc_column_text][\/vc_column][\/vc_row][vc_row full_width=\u00a0\u00bbstretch_row\u00a0\u00bb css_animation=\u00a0\u00bbbottom-to-top\u00a0\u00bb css=\u00a0\u00bb.vc_custom_1470750589849{padding-top: 4em !important;padding-bottom: 4em !important;}\u00a0\u00bb][vc_column css_animation=\u00a0\u00bbtop-to-bottom\u00a0\u00bb][vc_separator color=\u00a0\u00bborange\u00a0\u00bb][vc_column_text css=\u00a0\u00bb.vc_custom_1544020042429{margin-top: 0px !important;margin-right: 0px !important;margin-bottom: 0px !important;margin-left: 0px !important;border-top-width: 0px !important;border-right-width: 0px !important;border-bottom-width: 0px !important;border-left-width: 0px !important;padding-top: 0px !important;padding-right: 0px !important;padding-bottom: 0px !important;padding-left: 0px !important;}\u00a0\u00bb]<\/p>\n<h2 style=\"text-align: center; text-transform: uppercase;\">notre impact l&rsquo;ann\u00e9e derni\u00e8re<\/h2>\n<p>[\/vc_column_text][vc_column_text css=\u00a0\u00bb.vc_custom_1512674007578{padding-bottom: 1em !important;}\u00a0\u00bb]<\/p>\n<p style=\"text-align: center;\">Donner aux AJA les moyens d\u2019am\u00e9liorer leur \u00e9tat de sant\u00e9<\/p>\n<p>[\/vc_column_text][vc_row_inner el_class=\u00a0\u00bbimpact-numbers\u00a0\u00bb][vc_column_inner width=\u00a0\u00bb1\/3&Prime;][vc_column_text css_animation=\u00a0\u00bbright-to-left\u00a0\u00bb]<\/p>\n<h3 style=\"text-align: center;\"><span class=\"count-small\" style=\"font-family: Roboto; font-size: 36px; color: #ff9900;\">5,163<\/span><br \/>\n<span style=\"color: #999999;\">Personnes b\u00e9n\u00e9ficient d&rsquo;un programme \/ service VOBOC<\/span><\/h3>\n<p>[\/vc_column_text][\/vc_column_inner][vc_column_inner width=\u00a0\u00bb1\/3&Prime;][vc_single_image image=\u00a0\u00bb5837&Prime; img_size=\u00a0\u00bb2550 \u00d7 2040&Prime;][\/vc_column_inner][vc_column_inner width=\u00a0\u00bb1\/3&Prime;][vc_column_text css_animation=\u00a0\u00bbleft-to-right\u00a0\u00bb]<\/p>\n<h3 style=\"text-align: center;\"><span style=\"color: #ff9900; font-family: Roboto;\"><span style=\"font-size: 36px;\">2,144<\/span><\/span><br \/>\n<span style=\"color: #999999;\">Heures de b\u00e9n\u00e9volat offertes \u00e0 VOBOC<\/span><\/h3>\n<p>[\/vc_column_text][\/vc_column_inner][\/vc_row_inner][\/vc_column][\/vc_row][vc_row full_width=\u00a0\u00bbstretch_row\u00a0\u00bb css=\u00a0\u00bb.vc_custom_1470673216925{padding-top: 4em !important;padding-bottom: 4em !important;}\u00a0\u00bb][vc_column][vc_separator color=\u00a0\u00bborange\u00a0\u00bb][vc_column_text css=\u00a0\u00bb.vc_custom_1500397985650{margin-top: 0px !important;margin-right: 0px !important;margin-bottom: 0px !important;margin-left: 0px !important;border-top-width: 0px !important;border-right-width: 0px !important;border-bottom-width: 0px !important;border-left-width: 0px !important;padding-top: 0px !important;padding-right: 0px !important;padding-bottom: 0px !important;padding-left: 0px !important;}\u00a0\u00bb]<\/p>\n<h2 style=\"text-align: center;\"><span style=\"font-family: Roboto;\">\u00caTRE IMPLIQU\u00c9<\/span><\/h2>\n<p>[\/vc_column_text][vc_row_inner][vc_column_inner width=\u00a0\u00bb1\/3&Prime;][vc_single_image image=\u00a0\u00bb5607&Prime; img_size=\u00a0\u00bb1152&#215;768&Prime; alignment=\u00a0\u00bbcenter\u00a0\u00bb css_animation=\u00a0\u00bbappear\u00a0\u00bb][vc_column_text]<\/p>\n<p style=\"text-align: center;\">Joignez-vous \u00e0 notre \u00e9quipe de plus de b\u00e9n\u00e9voles.<\/p>\n<p>[\/vc_column_text][vcex_button url=\u00a0\u00bbhttps:\/\/voboc.org\/fr\/benevolat\/\u00a0\u00bb align=\u00a0\u00bbcenter\u00a0\u00bb color=\u00a0\u00bborange\u00a0\u00bb]Devenir B\u00e9n\u00e9vole[\/vcex_button][\/vc_column_inner][vc_column_inner width=\u00a0\u00bb1\/3&Prime;][vc_single_image image=\u00a0\u00bb5853&Prime; img_size=\u00a0\u00bb1152&#215;768&Prime; alignment=\u00a0\u00bbcenter\u00a0\u00bb css_animation=\u00a0\u00bbappear\u00a0\u00bb][vc_column_text]<\/p>\n<p style=\"text-align: center;\"><span style=\"font-family: Roboto;\">\u00a0Chaque don, quel qu\u2019en soit le montant, fait une diff\u00e9rence.<\/span><\/p>\n<p>[\/vc_column_text][vcex_button url=\u00a0\u00bbwww.canadahelps.org\/en\/charities\/the-voboc-foundation\/\u00a0\u00bb align=\u00a0\u00bbcenter\u00a0\u00bb color=\u00a0\u00bborange\u00a0\u00bb]Faire un Don[\/vcex_button][\/vc_column_inner][vc_column_inner width=\u00a0\u00bb1\/3&Prime;][vc_single_image image=\u00a0\u00bb5460&Prime; img_size=\u00a0\u00bb1152&#215;768&Prime; alignment=\u00a0\u00bbcenter\u00a0\u00bb css_animation=\u00a0\u00bbappear\u00a0\u00bb][vc_column_text]<\/p>\n<p style=\"text-align: center;\">D\u00e9couvrez comment nous pouvons travailler ensemble!<\/p>\n<p>[\/vc_column_text][vcex_button url=\u00a0\u00bbvoboc.org\/fr\/devenez-partenaire\/\u00a0\u00bb align=\u00a0\u00bbcenter\u00a0\u00bb color=\u00a0\u00bborange\u00a0\u00bb]Devenir Partenaire[\/vcex_button][\/vc_column_inner][\/vc_row_inner][vc_separator color=\u00a0\u00bborange\u00a0\u00bb][\/vc_column][\/vc_row][vc_row full_width=\u00a0\u00bbstretch_row\u00a0\u00bb parallax=\u00a0\u00bbvcex_parallax\u00a0\u00bb parallax_image=\u00a0\u00bb4474&Prime; css_animation=\u00a0\u00bbbottom-to-top\u00a0\u00bb css=\u00a0\u00bb.vc_custom_1470750613305{padding-top: 4em !important;padding-bottom: 4em !important;background-color: #c0c2c4 !important;}\u00a0\u00bb el_class=\u00a0\u00bbmission-row\u00a0\u00bb parallax_speed=\u00a0\u00bb0.5&Prime;][vc_column][vc_column_text el_class=\u00a0\u00bbour-mission\u00a0\u00bb]<\/p>\n<h2 style=\"text-align: center;\">Donner aux AJA les moyens d\u2019am\u00e9liorer leur \u00e9tat de sant\u00e9<\/h2>\n<p style=\"text-align: center;\">[vcex_button url=\u00a0\u00bbhttps:\/\/www.canadahelps.org\/en\/charities\/the-voboc-foundation\/\u00a0\u00bb title=\u00a0\u00bbDonate Now\u00a0\u00bb style=\u00a0\u00bbminimal\u00a0\u00bb align=\u00a0\u00bbcenter\u00a0\u00bb color=\u00a0\u00bbwhite\u00a0\u00bb size=\u00a0\u00bbsmall\u00a0\u00bb target=\u00a0\u00bbblank\u00a0\u00bb rel=\u00a0\u00bbnone\u00a0\u00bb]Faire un Don[\/vcex_button]<\/p>\n<p>[\/vc_column_text][\/vc_column][\/vc_row][vc_row][vc_column][vc_separator border_width=\u00a0\u00bb6&Prime;][vc_row_inner][vc_column_inner][vcex_button css_animation=\u00a0\u00bbappear\u00a0\u00bb hover_animation=\u00a0\u00bbpulse\u00a0\u00bb url=\u00a0\u00bbhttps:\/\/www.facebook.com\/VobocOrg\/\u00a0\u00bb title=\u00a0\u00bbFacebook\u00a0\u00bb style=\u00a0\u00bbminimal-border\u00a0\u00bb align=\u00a0\u00bbcenter\u00a0\u00bb size=\u00a0\u00bbsmall\u00a0\u00bb color=\u00a0\u00bborange\u00a0\u00bb classes=\u00a0\u00bbengage-button\u00a0\u00bb]Page Facebook[\/vcex_button][\/vc_column_inner][\/vc_row_inner][\/vc_column][\/vc_row]<\/p>\n","protected":false},"excerpt":{"rendered":"<p>[vc_row full_width=\u00a0\u00bbstretch_row\u00a0\u00bb css_animation=\u00a0\u00bbtop-to-bottom\u00a0\u00bb css=\u00a0\u00bb.vc_custom_1512591212648{padding-top: 0px !important;padding-bottom: 0px !important;}\u00a0\u00bb el_class=\u00a0\u00bbyellow-line\u00a0\u00bb][vc_column][vc_column_text] Donner aux AJA les moyens d\u2019am\u00e9liorer leur \u00e9tat de sant\u00e9 On estime qu&rsquo;il y a 8 300 adolescents et de jeunes adultes (AJA) qui ont eu le cancer et 1 300 de d\u00e9c\u00e8s en 2016. Le lymphome, le m\u00e9lanome cutan\u00e9 invasif, le syst\u00e8me g\u00e9nital et les cancers de la thyro\u00efde repr\u00e9sentent les 4 cancers nouvellement diagnostiqu\u00e9s. Apprendre Encore Plus Faire un Don [\/vc_column_text][\/vc_column][\/vc_row][vc_row full_width=\u00a0\u00bbstretch_row\u00a0\u00bb parallax=\u00a0\u00bbcontent-moving\u00a0\u00bb parallax_image=\u00a0\u00bb4470&Prime; css_animation=\u00a0\u00bbbottom-to-top\u00a0\u00bb css=\u00a0\u00bb.vc_custom_1470750578606{padding-top: 4em !important;padding-bottom: 4em !important;background-color: #f0f0f0 !important;}\u00a0\u00bb el_class=\u00a0\u00bbcanada-stats\u00a0\u00bb][vc_column el_class=\u00a0\u00bbTOUS LES JOURS\u00a0\u00bb][vc_column_text css=\u00a0\u00bb.vc_custom_1500397694468{margin-top: 0px !important;margin-right: 0px !important;margin-bottom: 0px !important;margin-left: 0px !important;border-top-width: 0px !important;border-right-width: 0px !important;border-bottom-width: 0px [&hellip;]<\/p>\n","protected":false},"author":1,"featured_media":0,"parent":0,"menu_order":1,"comment_status":"closed","ping_status":"closed","template":"","meta":{"footnotes":""},"class_list":["post-3676","page","type-page","status-publish","hentry"],"yoast_head":"<!-- This site is optimized with the Yoast SEO plugin v26.8 - https:\/\/yoast.com\/product\/yoast-seo-wordpress\/ -->\n<title>Accueil - VOBOC FOUNDATION<\/title>\n<meta name=\"robots\" content=\"index, follow, max-snippet:-1, max-image-preview:large, max-video-preview:-1\" \/>\n<link rel=\"canonical\" href=\"https:\/\/voboc.org\/fr\/home\/\" \/>\n<meta property=\"og:locale\" content=\"fr_FR\" \/>\n<meta property=\"og:type\" content=\"article\" \/>\n<meta property=\"og:title\" content=\"Accueil - VOBOC FOUNDATION\" \/>\n<meta property=\"og:description\" content=\"[vc_row full_width=\u00a0\u00bbstretch_row\u00a0\u00bb css_animation=\u00a0\u00bbtop-to-bottom\u00a0\u00bb css=\u00a0\u00bb.vc_custom_1512591212648{padding-top: 0px !important;padding-bottom: 0px !important;}\u00a0\u00bb el_class=\u00a0\u00bbyellow-line\u00a0\u00bb][vc_column][vc_column_text] Donner aux AJA les moyens d\u2019am\u00e9liorer leur \u00e9tat de sant\u00e9 On estime qu&rsquo;il y a 8 300 adolescents et de jeunes adultes (AJA) qui ont eu le cancer et 1 300 de d\u00e9c\u00e8s en 2016. Le lymphome, le m\u00e9lanome cutan\u00e9 invasif, le syst\u00e8me g\u00e9nital et les cancers de la thyro\u00efde repr\u00e9sentent les 4 cancers nouvellement diagnostiqu\u00e9s. Apprendre Encore Plus Faire un Don [\/vc_column_text][\/vc_column][\/vc_row][vc_row full_width=\u00a0\u00bbstretch_row\u00a0\u00bb parallax=\u00a0\u00bbcontent-moving\u00a0\u00bb parallax_image=\u00a0\u00bb4470&Prime; css_animation=\u00a0\u00bbbottom-to-top\u00a0\u00bb css=\u00a0\u00bb.vc_custom_1470750578606{padding-top: 4em !important;padding-bottom: 4em !important;background-color: #f0f0f0 !important;}\u00a0\u00bb el_class=\u00a0\u00bbcanada-stats\u00a0\u00bb][vc_column el_class=\u00a0\u00bbTOUS LES JOURS\u00a0\u00bb][vc_column_text css=\u00a0\u00bb.vc_custom_1500397694468{margin-top: 0px !important;margin-right: 0px !important;margin-bottom: 0px !important;margin-left: 0px !important;border-top-width: 0px !important;border-right-width: 0px !important;border-bottom-width: 0px [&hellip;]\" \/>\n<meta property=\"og:url\" content=\"https:\/\/voboc.org\/fr\/home\/\" \/>\n<meta property=\"og:site_name\" content=\"VOBOC FOUNDATION\" \/>\n<meta property=\"article:modified_time\" content=\"2018-12-05T14:33:55+00:00\" \/>\n<meta name=\"twitter:card\" content=\"summary_large_image\" \/>\n<meta name=\"twitter:label1\" content=\"Est. reading time\" \/>\n\t<meta name=\"twitter:data1\" content=\"4 minutes\" \/>\n<script type=\"application\/ld+json\" class=\"yoast-schema-graph\">{\"@context\":\"https:\/\/schema.org\",\"@graph\":[{\"@type\":\"WebPage\",\"@id\":\"https:\/\/voboc.org\/fr\/home\/\",\"url\":\"https:\/\/voboc.org\/fr\/home\/\",\"name\":\"Accueil - VOBOC FOUNDATION\",\"isPartOf\":{\"@id\":\"https:\/\/voboc.org\/#website\"},\"datePublished\":\"2016-08-01T23:11:29+00:00\",\"dateModified\":\"2018-12-05T14:33:55+00:00\",\"breadcrumb\":{\"@id\":\"https:\/\/voboc.org\/fr\/home\/#breadcrumb\"},\"inLanguage\":\"fr-FR\",\"potentialAction\":[{\"@type\":\"ReadAction\",\"target\":[\"https:\/\/voboc.org\/fr\/home\/\"]}]},{\"@type\":\"BreadcrumbList\",\"@id\":\"https:\/\/voboc.org\/fr\/home\/#breadcrumb\",\"itemListElement\":[{\"@type\":\"ListItem\",\"position\":1,\"name\":\"Home\",\"item\":\"https:\/\/voboc.org\/fr\/voboc-foundation\/\"},{\"@type\":\"ListItem\",\"position\":2,\"name\":\"Accueil\"}]},{\"@type\":\"WebSite\",\"@id\":\"https:\/\/voboc.org\/#website\",\"url\":\"https:\/\/voboc.org\/\",\"name\":\"VOBOC FOUNDATION\",\"description\":\"Supporting adolescents &amp; young adults with their battle against cancer.\",\"potentialAction\":[{\"@type\":\"SearchAction\",\"target\":{\"@type\":\"EntryPoint\",\"urlTemplate\":\"https:\/\/voboc.org\/?s={search_term_string}\"},\"query-input\":{\"@type\":\"PropertyValueSpecification\",\"valueRequired\":true,\"valueName\":\"search_term_string\"}}],\"inLanguage\":\"fr-FR\"}]}<\/script>\n<!-- \/ Yoast SEO plugin. -->","yoast_head_json":{"title":"Accueil - VOBOC FOUNDATION","robots":{"index":"index","follow":"follow","max-snippet":"max-snippet:-1","max-image-preview":"max-image-preview:large","max-video-preview":"max-video-preview:-1"},"canonical":"https:\/\/voboc.org\/fr\/home\/","og_locale":"fr_FR","og_type":"article","og_title":"Accueil - VOBOC FOUNDATION","og_description":"[vc_row full_width=\u00a0\u00bbstretch_row\u00a0\u00bb css_animation=\u00a0\u00bbtop-to-bottom\u00a0\u00bb css=\u00a0\u00bb.vc_custom_1512591212648{padding-top: 0px !important;padding-bottom: 0px !important;}\u00a0\u00bb el_class=\u00a0\u00bbyellow-line\u00a0\u00bb][vc_column][vc_column_text] Donner aux AJA les moyens d\u2019am\u00e9liorer leur \u00e9tat de sant\u00e9 On estime qu&rsquo;il y a 8 300 adolescents et de jeunes adultes (AJA) qui ont eu le cancer et 1 300 de d\u00e9c\u00e8s en 2016. Le lymphome, le m\u00e9lanome cutan\u00e9 invasif, le syst\u00e8me g\u00e9nital et les cancers de la thyro\u00efde repr\u00e9sentent les 4 cancers nouvellement diagnostiqu\u00e9s. Apprendre Encore Plus Faire un Don [\/vc_column_text][\/vc_column][\/vc_row][vc_row full_width=\u00a0\u00bbstretch_row\u00a0\u00bb parallax=\u00a0\u00bbcontent-moving\u00a0\u00bb parallax_image=\u00a0\u00bb4470&Prime; css_animation=\u00a0\u00bbbottom-to-top\u00a0\u00bb css=\u00a0\u00bb.vc_custom_1470750578606{padding-top: 4em !important;padding-bottom: 4em !important;background-color: #f0f0f0 !important;}\u00a0\u00bb el_class=\u00a0\u00bbcanada-stats\u00a0\u00bb][vc_column el_class=\u00a0\u00bbTOUS LES JOURS\u00a0\u00bb][vc_column_text css=\u00a0\u00bb.vc_custom_1500397694468{margin-top: 0px !important;margin-right: 0px !important;margin-bottom: 0px !important;margin-left: 0px !important;border-top-width: 0px !important;border-right-width: 0px !important;border-bottom-width: 0px [&hellip;]","og_url":"https:\/\/voboc.org\/fr\/home\/","og_site_name":"VOBOC FOUNDATION","article_modified_time":"2018-12-05T14:33:55+00:00","twitter_card":"summary_large_image","twitter_misc":{"Est. reading time":"4 minutes"},"schema":{"@context":"https:\/\/schema.org","@graph":[{"@type":"WebPage","@id":"https:\/\/voboc.org\/fr\/home\/","url":"https:\/\/voboc.org\/fr\/home\/","name":"Accueil - VOBOC FOUNDATION","isPartOf":{"@id":"https:\/\/voboc.org\/#website"},"datePublished":"2016-08-01T23:11:29+00:00","dateModified":"2018-12-05T14:33:55+00:00","breadcrumb":{"@id":"https:\/\/voboc.org\/fr\/home\/#breadcrumb"},"inLanguage":"fr-FR","potentialAction":[{"@type":"ReadAction","target":["https:\/\/voboc.org\/fr\/home\/"]}]},{"@type":"BreadcrumbList","@id":"https:\/\/voboc.org\/fr\/home\/#breadcrumb","itemListElement":[{"@type":"ListItem","position":1,"name":"Home","item":"https:\/\/voboc.org\/fr\/voboc-foundation\/"},{"@type":"ListItem","position":2,"name":"Accueil"}]},{"@type":"WebSite","@id":"https:\/\/voboc.org\/#website","url":"https:\/\/voboc.org\/","name":"VOBOC FOUNDATION","description":"Supporting adolescents &amp; young adults with their battle against cancer.","potentialAction":[{"@type":"SearchAction","target":{"@type":"EntryPoint","urlTemplate":"https:\/\/voboc.org\/?s={search_term_string}"},"query-input":{"@type":"PropertyValueSpecification","valueRequired":true,"valueName":"search_term_string"}}],"inLanguage":"fr-FR"}]}},"_links":{"self":[{"href":"https:\/\/voboc.org\/fr\/wp-json\/wp\/v2\/pages\/3676","targetHints":{"allow":["GET"]}}],"collection":[{"href":"https:\/\/voboc.org\/fr\/wp-json\/wp\/v2\/pages"}],"about":[{"href":"https:\/\/voboc.org\/fr\/wp-json\/wp\/v2\/types\/page"}],"author":[{"embeddable":true,"href":"https:\/\/voboc.org\/fr\/wp-json\/wp\/v2\/users\/1"}],"replies":[{"embeddable":true,"href":"https:\/\/voboc.org\/fr\/wp-json\/wp\/v2\/comments?post=3676"}],"version-history":[{"count":0,"href":"https:\/\/voboc.org\/fr\/wp-json\/wp\/v2\/pages\/3676\/revisions"}],"wp:attachment":[{"href":"https:\/\/voboc.org\/fr\/wp-json\/wp\/v2\/media?parent=3676"}],"curies":[{"name":"wp","href":"https:\/\/api.w.org\/{rel}","templated":true}]}}