{"id":3479,"date":"2015-02-10T15:53:12","date_gmt":"2015-02-10T20:53:12","guid":{"rendered":"https:\/\/voboc.org\/?page_id=3479"},"modified":"2018-05-31T14:26:14","modified_gmt":"2018-05-31T18:26:14","slug":"programs-and-services","status":"publish","type":"page","link":"https:\/\/voboc.org\/fr\/programs-and-services\/","title":{"rendered":"Programs and Services"},"content":{"rendered":"<h1><strong><span style=\"color: #ff9900;\"><img decoding=\"async\" class=\"lazyload wp-image-5838 aligncenter\" src=\"data:image\/svg+xml,%3Csvg%20xmlns%3D%27http%3A%2F%2Fwww.w3.org%2F2000%2Fsvg%27%20width%3D%27490%27%20height%3D%27392%27%20viewBox%3D%270%200%20490%20392%27%3E%3Crect%20width%3D%27490%27%20height%3D%27392%27%20fill-opacity%3D%220%22%2F%3E%3C%2Fsvg%3E\" data-orig-src=\"https:\/\/voboc.org\/wp-content\/uploads\/2015\/02\/VOBOC-BI-Logo-2017.jpg\" alt=\"\" width=\"490\" height=\"392\" \/><\/span><\/strong><\/h1>\n<h1><strong>QUI EST VOBOC?<\/strong><\/h1>\n<p style=\"text-align: left;\">VOBOC \u00a0est un organisation \u00e0 but non lucratif qui apporte soutien et r\u00e9confort depuis les 17 derni\u00e8res ann\u00e9es \u00e0 des adolescents et jeunes adultes atteints de cancer. Souhaitant adoucir cette terrible \u00e9preuve du cancer et donner des moyens pour y faire face, nous travaillons avec les \u00e9quipes m\u00e9dicales de sept h\u00f4pitaux d\u2019enseignement affili\u00e9s \u00e0 l\u2019Universit\u00e9 McGill et nous intervenons aupr\u00e8s de ces jeunes patients en offrant des divertissements, des ressources et des outils gratuits.<\/p>\n<h1><strong>CE QUE NOUS FAISONS<\/strong><strong><span style=\"color: #ff9900;\">?<\/span><\/strong><\/h1>\n<p>La\u00a0<strong>mission\u00a0<\/strong>de VOBOC est de travailler avec des \u00e9quipes en oncologie pour donner des moyens aux \u00a0adolescents et jeunes adultes r\u00e9cemment diagnostiqu\u00e9s du cancer de faire face \u00e0 cette dure exp\u00e9rience en leur offrant des outils, des ressources et des divertissements gratuitement et en les mettant en contact avec des services de soutien essentiels. Notre\u00a0<strong>vision\u00a0<\/strong>est d\u2019accompagner chacun des adolescents et jeunes adultes atteints de cancer durant son \u00e9preuve \u2013 du d\u00e9but \u00e0 la fin \u2013 et de mettre \u00e0 sa disposition des outils et des ressources pertinentes qui l\u2019aideront \u00e0 traverser ce parcours \u00e9prouvant et faciliteront sa vie durant le combat contre le cancer. VOBOC est engag\u00e9e \u00e0 offrir des ressources et des soins de soutien centr\u00e9s sur les besoins des patients qui all\u00e8geront le fardeau du cancer pour les adolescents et jeunes adultes.<\/p>\n<p><img decoding=\"async\" class=\"lazyload  wp-image-5842 aligncenter\" src=\"data:image\/svg+xml,%3Csvg%20xmlns%3D%27http%3A%2F%2Fwww.w3.org%2F2000%2Fsvg%27%20width%3D%27372%27%20height%3D%27513%27%20viewBox%3D%270%200%20372%20513%27%3E%3Crect%20width%3D%27372%27%20height%3D%27513%27%20fill-opacity%3D%220%22%2F%3E%3C%2Fsvg%3E\" data-orig-src=\"https:\/\/voboc.org\/wp-content\/uploads\/2015\/02\/clock.jpg\" alt=\"\" width=\"372\" height=\"513\" \/><\/p>\n<h1><strong>PROGRAMME DES SACS \u00c0 DOS VO-PAK\u00a0<\/strong><\/h1>\n<p>VOBOC livre des sacs \u00e0 dos aux services d\u2019oncologie pour les remettre \u00e0 des adolescents et jeunes adultes atteints de cancer le premier jour de leur traitement. Chaque sac \u00e0 dos Vo-Pak contient des outils et des ressources pour aider les patients \u00e0 surmonter l\u2019\u00e9preuve des traitements contre le cancer. Les patients sont invit\u00e9s \u00e0 communiquer avec nous pour \u00e9changer une carte-cadeau de 50 $ pour \u00e9chapper \u00e0 leur cancer quelques heures au cin\u00e9ma, au restaurant, au centre commercial ou toute autre destination qui leur fait plaisir.<\/p>\n<h2><span style=\"color: #ff9900;\"><img decoding=\"async\" class=\"lazyload wp-image-5793 aligncenter\" src=\"data:image\/svg+xml,%3Csvg%20xmlns%3D%27http%3A%2F%2Fwww.w3.org%2F2000%2Fsvg%27%20width%3D%27604%27%20height%3D%27453%27%20viewBox%3D%270%200%20604%20453%27%3E%3Crect%20width%3D%27604%27%20height%3D%27453%27%20fill-opacity%3D%220%22%2F%3E%3C%2Fsvg%3E\" data-orig-src=\"https:\/\/voboc.org\/wp-content\/uploads\/2017\/07\/6.jpg\" alt=\"\" width=\"604\" height=\"453\" \/><\/span><\/h2>\n<h1><strong>PROGRAMME DES PANIERS DES F\u00caTES\u00a0<\/strong><\/h1>\n<p>VOBOC offre des paniers festifs gratuits \u00e0 des patients hospitalis\u00e9s durant la p\u00e9riode des f\u00eates. Ces paniers qui contiennent des d\u00e9corations saisonni\u00e8res et une vari\u00e9t\u00e9 de petites g\u00e2teries sont pr\u00e9par\u00e9s par nos b\u00e9n\u00e9voles et livr\u00e9s aux \u00e9quipes d\u2019oncologie le 24 d\u00e9cembre pour les remettre \u00e0 leurs patients. L\u2019intention est d\u2019exprimer aux patients que des personnes pensent \u00e0 eux et souhaitent leur offrir un peu de bonheur.<\/p>\n<p><img decoding=\"async\" class=\"lazyload wp-image-5844 aligncenter\" src=\"data:image\/svg+xml,%3Csvg%20xmlns%3D%27http%3A%2F%2Fwww.w3.org%2F2000%2Fsvg%27%20width%3D%27626%27%20height%3D%27469%27%20viewBox%3D%270%200%20626%20469%27%3E%3Crect%20width%3D%27626%27%20height%3D%27469%27%20fill-opacity%3D%220%22%2F%3E%3C%2Fsvg%3E\" data-orig-src=\"https:\/\/voboc.org\/wp-content\/uploads\/2015\/02\/deniseandkristian.jpg\" alt=\"\" width=\"626\" height=\"469\" \/><\/p>\n<h1><strong>\u00c9DUCATION ET SENSIBILISATION<\/strong><\/h1>\n<p>VOBOC appuie et m\u00e8ne des campagnes de sensibilisation aupr\u00e8s du public sur les besoins des adolescents et jeunes adultes atteints du cancer.<\/p>\n<p><img decoding=\"async\" class=\"lazyload wp-image-5841 aligncenter\" src=\"data:image\/svg+xml,%3Csvg%20xmlns%3D%27http%3A%2F%2Fwww.w3.org%2F2000%2Fsvg%27%20width%3D%27361%27%20height%3D%27525%27%20viewBox%3D%270%200%20361%20525%27%3E%3Crect%20width%3D%27361%27%20height%3D%27525%27%20fill-opacity%3D%220%22%2F%3E%3C%2Fsvg%3E\" data-orig-src=\"https:\/\/voboc.org\/wp-content\/uploads\/2015\/02\/cancer-cases-in-canada.png\" alt=\"\" width=\"361\" height=\"525\" \/><\/p>\n<h3 style=\"text-align: center;\">VOBOC a mis au point une exp\u00e9rience :<\/h3>\n<h3 style=\"text-align: center;\">Dans les rues de Montr\u00e9al, un jeune adulte annonce aux gens son diagnostic.<br \/>\nEt vous, que lui diriez-vous?<\/h3>\n<div class=\"video-shortcode\"><iframe title=\"VOBOC - The announcement\" width=\"1778\" height=\"1000\" src=\"https:\/\/www.youtube.com\/embed\/UafJ5G3iCj0?feature=oembed\" frameborder=\"0\" allow=\"accelerometer; autoplay; clipboard-write; encrypted-media; gyroscope; picture-in-picture\" allowfullscreen><\/iframe><\/div>\n<p style=\"text-align: center;\">Partners:<\/p>\n<p><span style=\"font-size: 10px;\"><img decoding=\"async\" class=\"lazyload aligncenter wp-image-1892\" src=\"data:image\/svg+xml,%3Csvg%20xmlns%3D%27http%3A%2F%2Fwww.w3.org%2F2000%2Fsvg%27%20width%3D%27102%27%20height%3D%2728%27%20viewBox%3D%270%200%20102%2028%27%3E%3Crect%20width%3D%27102%27%20height%3D%2728%27%20fill-opacity%3D%220%22%2F%3E%3C%2Fsvg%3E\" data-orig-src=\"https:\/\/voboc.org\/wp-content\/uploads\/2013\/05\/L_TAXI_RESIZED-FOR-WEB.png\" alt=\"L_TAXI_RESIZED FOR WEB\" width=\"102\" height=\"28\" \/><img decoding=\"async\" class=\"lazyload aligncenter wp-image-1883\" src=\"data:image\/svg+xml,%3Csvg%20xmlns%3D%27http%3A%2F%2Fwww.w3.org%2F2000%2Fsvg%27%20width%3D%2752%27%20height%3D%2752%27%20viewBox%3D%270%200%2052%2052%27%3E%3Crect%20width%3D%2752%27%20height%3D%2752%27%20fill-opacity%3D%220%22%2F%3E%3C%2Fsvg%3E\" data-orig-src=\"https:\/\/voboc.org\/wp-content\/uploads\/2013\/11\/logo-1One.png\" alt=\"1One\" width=\"52\" height=\"52\" \/><\/span><\/p>\n<p>[vcex_button url=\u00a0\u00bbhttps:\/\/www.canadahelps.org\/CharityProfilePage.aspx?charityID=s79658&Prime; title=\u00a0\u00bbDonate\u00a0\u00bb style=\u00a0\u00bbminimal\u00a0\u00bb align=\u00a0\u00bbcenter\u00a0\u00bb color=\u00a0\u00bborange\u00a0\u00bb size=\u00a0\u00bbsmall\u00a0\u00bb target=\u00a0\u00bbblank\u00a0\u00bb rel=\u00a0\u00bbnone\u00a0\u00bb]FAIRE UN DON[\/vcex_button]<\/p>\n","protected":false},"excerpt":{"rendered":"<p>QUI EST VOBOC? VOBOC \u00a0est un organisation \u00e0 but non lucratif qui apporte soutien et r\u00e9confort depuis les 17 derni\u00e8res ann\u00e9es \u00e0 des adolescents et jeunes adultes atteints de cancer. Souhaitant adoucir cette terrible \u00e9preuve du cancer et donner des moyens pour y faire face, nous travaillons avec les \u00e9quipes m\u00e9dicales de sept h\u00f4pitaux d\u2019enseignement affili\u00e9s \u00e0 l\u2019Universit\u00e9 McGill et nous intervenons aupr\u00e8s de ces jeunes patients en offrant des divertissements, des ressources et des outils gratuits. CE QUE NOUS FAISONS? La\u00a0mission\u00a0de VOBOC est de travailler avec des \u00e9quipes en oncologie pour donner des moyens aux \u00a0adolescents et jeunes adultes r\u00e9cemment [&hellip;]<\/p>\n","protected":false},"author":1,"featured_media":3477,"parent":0,"menu_order":11,"comment_status":"closed","ping_status":"closed","template":"","meta":{"footnotes":""},"class_list":["post-3479","page","type-page","status-publish","has-post-thumbnail","hentry"],"yoast_head":"<!-- This site is optimized with the Yoast SEO plugin v26.8 - https:\/\/yoast.com\/product\/yoast-seo-wordpress\/ -->\n<title>Programs and Services - VOBOC FOUNDATION<\/title>\n<meta name=\"robots\" content=\"index, follow, max-snippet:-1, max-image-preview:large, max-video-preview:-1\" \/>\n<link rel=\"canonical\" href=\"https:\/\/voboc.org\/fr\/programs-and-services\/\" \/>\n<meta property=\"og:locale\" content=\"fr_FR\" \/>\n<meta property=\"og:type\" content=\"article\" \/>\n<meta property=\"og:title\" content=\"Programs and Services - VOBOC FOUNDATION\" \/>\n<meta property=\"og:description\" content=\"QUI EST VOBOC? VOBOC \u00a0est un organisation \u00e0 but non lucratif qui apporte soutien et r\u00e9confort depuis les 17 derni\u00e8res ann\u00e9es \u00e0 des adolescents et jeunes adultes atteints de cancer. Souhaitant adoucir cette terrible \u00e9preuve du cancer et donner des moyens pour y faire face, nous travaillons avec les \u00e9quipes m\u00e9dicales de sept h\u00f4pitaux d\u2019enseignement affili\u00e9s \u00e0 l\u2019Universit\u00e9 McGill et nous intervenons aupr\u00e8s de ces jeunes patients en offrant des divertissements, des ressources et des outils gratuits. CE QUE NOUS FAISONS? La\u00a0mission\u00a0de VOBOC est de travailler avec des \u00e9quipes en oncologie pour donner des moyens aux \u00a0adolescents et jeunes adultes r\u00e9cemment [&hellip;]\" \/>\n<meta property=\"og:url\" content=\"https:\/\/voboc.org\/fr\/programs-and-services\/\" \/>\n<meta property=\"og:site_name\" content=\"VOBOC FOUNDATION\" \/>\n<meta property=\"article:modified_time\" content=\"2018-05-31T18:26:14+00:00\" \/>\n<meta name=\"twitter:card\" content=\"summary_large_image\" \/>\n<meta name=\"twitter:label1\" content=\"Est. reading time\" \/>\n\t<meta name=\"twitter:data1\" content=\"2 minutes\" \/>\n<script type=\"application\/ld+json\" class=\"yoast-schema-graph\">{\"@context\":\"https:\/\/schema.org\",\"@graph\":[{\"@type\":\"WebPage\",\"@id\":\"https:\/\/voboc.org\/fr\/programs-and-services\/\",\"url\":\"https:\/\/voboc.org\/fr\/programs-and-services\/\",\"name\":\"Programs and Services - VOBOC FOUNDATION\",\"isPartOf\":{\"@id\":\"https:\/\/voboc.org\/#website\"},\"primaryImageOfPage\":{\"@id\":\"https:\/\/voboc.org\/fr\/programs-and-services\/#primaryimage\"},\"image\":{\"@id\":\"https:\/\/voboc.org\/fr\/programs-and-services\/#primaryimage\"},\"thumbnailUrl\":\"\",\"datePublished\":\"2015-02-10T20:53:12+00:00\",\"dateModified\":\"2018-05-31T18:26:14+00:00\",\"breadcrumb\":{\"@id\":\"https:\/\/voboc.org\/fr\/programs-and-services\/#breadcrumb\"},\"inLanguage\":\"fr-FR\",\"potentialAction\":[{\"@type\":\"ReadAction\",\"target\":[\"https:\/\/voboc.org\/fr\/programs-and-services\/\"]}]},{\"@type\":\"ImageObject\",\"inLanguage\":\"fr-FR\",\"@id\":\"https:\/\/voboc.org\/fr\/programs-and-services\/#primaryimage\",\"url\":\"\",\"contentUrl\":\"\"},{\"@type\":\"BreadcrumbList\",\"@id\":\"https:\/\/voboc.org\/fr\/programs-and-services\/#breadcrumb\",\"itemListElement\":[{\"@type\":\"ListItem\",\"position\":1,\"name\":\"Home\",\"item\":\"https:\/\/voboc.org\/fr\/voboc-foundation\/\"},{\"@type\":\"ListItem\",\"position\":2,\"name\":\"Programs and Services\"}]},{\"@type\":\"WebSite\",\"@id\":\"https:\/\/voboc.org\/#website\",\"url\":\"https:\/\/voboc.org\/\",\"name\":\"VOBOC FOUNDATION\",\"description\":\"Supporting adolescents &amp; young adults with their battle against cancer.\",\"potentialAction\":[{\"@type\":\"SearchAction\",\"target\":{\"@type\":\"EntryPoint\",\"urlTemplate\":\"https:\/\/voboc.org\/?s={search_term_string}\"},\"query-input\":{\"@type\":\"PropertyValueSpecification\",\"valueRequired\":true,\"valueName\":\"search_term_string\"}}],\"inLanguage\":\"fr-FR\"}]}<\/script>\n<!-- \/ Yoast SEO plugin. -->","yoast_head_json":{"title":"Programs and Services - VOBOC FOUNDATION","robots":{"index":"index","follow":"follow","max-snippet":"max-snippet:-1","max-image-preview":"max-image-preview:large","max-video-preview":"max-video-preview:-1"},"canonical":"https:\/\/voboc.org\/fr\/programs-and-services\/","og_locale":"fr_FR","og_type":"article","og_title":"Programs and Services - VOBOC FOUNDATION","og_description":"QUI EST VOBOC? VOBOC \u00a0est un organisation \u00e0 but non lucratif qui apporte soutien et r\u00e9confort depuis les 17 derni\u00e8res ann\u00e9es \u00e0 des adolescents et jeunes adultes atteints de cancer. Souhaitant adoucir cette terrible \u00e9preuve du cancer et donner des moyens pour y faire face, nous travaillons avec les \u00e9quipes m\u00e9dicales de sept h\u00f4pitaux d\u2019enseignement affili\u00e9s \u00e0 l\u2019Universit\u00e9 McGill et nous intervenons aupr\u00e8s de ces jeunes patients en offrant des divertissements, des ressources et des outils gratuits. CE QUE NOUS FAISONS? La\u00a0mission\u00a0de VOBOC est de travailler avec des \u00e9quipes en oncologie pour donner des moyens aux \u00a0adolescents et jeunes adultes r\u00e9cemment [&hellip;]","og_url":"https:\/\/voboc.org\/fr\/programs-and-services\/","og_site_name":"VOBOC FOUNDATION","article_modified_time":"2018-05-31T18:26:14+00:00","twitter_card":"summary_large_image","twitter_misc":{"Est. reading time":"2 minutes"},"schema":{"@context":"https:\/\/schema.org","@graph":[{"@type":"WebPage","@id":"https:\/\/voboc.org\/fr\/programs-and-services\/","url":"https:\/\/voboc.org\/fr\/programs-and-services\/","name":"Programs and Services - VOBOC FOUNDATION","isPartOf":{"@id":"https:\/\/voboc.org\/#website"},"primaryImageOfPage":{"@id":"https:\/\/voboc.org\/fr\/programs-and-services\/#primaryimage"},"image":{"@id":"https:\/\/voboc.org\/fr\/programs-and-services\/#primaryimage"},"thumbnailUrl":"","datePublished":"2015-02-10T20:53:12+00:00","dateModified":"2018-05-31T18:26:14+00:00","breadcrumb":{"@id":"https:\/\/voboc.org\/fr\/programs-and-services\/#breadcrumb"},"inLanguage":"fr-FR","potentialAction":[{"@type":"ReadAction","target":["https:\/\/voboc.org\/fr\/programs-and-services\/"]}]},{"@type":"ImageObject","inLanguage":"fr-FR","@id":"https:\/\/voboc.org\/fr\/programs-and-services\/#primaryimage","url":"","contentUrl":""},{"@type":"BreadcrumbList","@id":"https:\/\/voboc.org\/fr\/programs-and-services\/#breadcrumb","itemListElement":[{"@type":"ListItem","position":1,"name":"Home","item":"https:\/\/voboc.org\/fr\/voboc-foundation\/"},{"@type":"ListItem","position":2,"name":"Programs and Services"}]},{"@type":"WebSite","@id":"https:\/\/voboc.org\/#website","url":"https:\/\/voboc.org\/","name":"VOBOC FOUNDATION","description":"Supporting adolescents &amp; young adults with their battle against cancer.","potentialAction":[{"@type":"SearchAction","target":{"@type":"EntryPoint","urlTemplate":"https:\/\/voboc.org\/?s={search_term_string}"},"query-input":{"@type":"PropertyValueSpecification","valueRequired":true,"valueName":"search_term_string"}}],"inLanguage":"fr-FR"}]}},"_links":{"self":[{"href":"https:\/\/voboc.org\/fr\/wp-json\/wp\/v2\/pages\/3479","targetHints":{"allow":["GET"]}}],"collection":[{"href":"https:\/\/voboc.org\/fr\/wp-json\/wp\/v2\/pages"}],"about":[{"href":"https:\/\/voboc.org\/fr\/wp-json\/wp\/v2\/types\/page"}],"author":[{"embeddable":true,"href":"https:\/\/voboc.org\/fr\/wp-json\/wp\/v2\/users\/1"}],"replies":[{"embeddable":true,"href":"https:\/\/voboc.org\/fr\/wp-json\/wp\/v2\/comments?post=3479"}],"version-history":[{"count":0,"href":"https:\/\/voboc.org\/fr\/wp-json\/wp\/v2\/pages\/3479\/revisions"}],"wp:featuredmedia":[{"embeddable":true,"href":"https:\/\/voboc.org\/fr\/wp-json\/"}],"wp:attachment":[{"href":"https:\/\/voboc.org\/fr\/wp-json\/wp\/v2\/media?parent=3479"}],"curies":[{"name":"wp","href":"https:\/\/api.w.org\/{rel}","templated":true}]}}